{"id":10328,"date":"2024-01-16T11:41:53","date_gmt":"2024-01-16T10:41:53","guid":{"rendered":"https:\/\/events.krimitotal.de\/?page_id=10328"},"modified":"2024-03-04T15:43:24","modified_gmt":"2024-03-04T14:43:24","slug":"der-galaabend-der-stars","status":"publish","type":"page","link":"https:\/\/www.krimitotal.de\/events\/tatort\/der-galaabend-der-stars\/","title":{"rendered":"Der Galaabend der Stars"},"content":{"rendered":"<div class=\"wpb-content-wrapper\"><p>[vc_row full_width=&#8221;stretch_row&#8221; kd_background_image_position=&#8221;vc_row-bg-position-top&#8221; css=&#8221;.vc_custom_1709562803635{padding-top: 310px !important;padding-bottom: 450px !important;background-image: url(https:\/\/www.krimitotal.de\/events\/wp-content\/uploads\/2024\/03\/krimitotal-events-tatort-der-galaabend-der-stars.jpg?id=12463) !important;background-position: center !important;background-repeat: no-repeat !important;background-size: cover !important;}&#8221; css_tablet_portrait=&#8221;.vc_custom_1709562803636{padding-top: 150px !important;padding-bottom: 150px !important;}&#8221; css_mobile=&#8221;.vc_custom_1709562803636{padding-top: 150px !important;padding-bottom: 150px !important;}&#8221;][vc_column css=&#8221;.vc_custom_1516115464846{padding-left: 0px !important;}&#8221;][\/vc_column][\/vc_row][vc_row kd_background_image_position=&#8221;vc_row-bg-position-top&#8221; css=&#8221;.vc_custom_1597999860805{margin-bottom: 0px !important;}&#8221;][vc_column width=&#8221;1\/3&#8243; css=&#8221;.vc_custom_1599033169011{margin-top: -142px !important;padding-right: 0px !important;padding-left: 0px !important;}&#8221; css_tablet_landscape=&#8221;.vc_custom_1599033169012{margin-top: 50px !important;}&#8221; css_tablet_portrait=&#8221;.vc_custom_1599033169013{margin-top: 50px !important;}&#8221; css_mobile=&#8221;.vc_custom_1599033169014{margin-top: 50px !important;}&#8221;]<div class=\"cb-container  content-center   kd-animated fadeInUp\" data-animation-delay=200><div class=\"cb-wrapper\" style=\"background-color: #fff;\"><div class=\"cb-img-area\"><i class=\"fas fa-users\" style=\" \"><\/i> <\/div><div class=\"cb-text-area\">\n                      <h4 class=\"cb-heading\" >25 - 250<\/h4><p >Personen<\/p><\/div><\/div><\/div>[\/vc_column][vc_column width=&#8221;1\/3&#8243; css=&#8221;.vc_custom_1704967083488{margin-top: -142px !important;}&#8221;]<div class=\"cb-container  content-center   kd-animated fadeInUp\" data-animation-delay=200><div class=\"cb-wrapper\" style=\"background-color: #fff;\"><div class=\"cb-img-area\"><i class=\"fas fa-utensils\" style=\" \"><\/i> <\/div><div class=\"cb-text-area\">\n                      <h4 class=\"cb-heading\" >Buffet<\/h4><p >Catering<\/p><\/div><\/div><\/div>[\/vc_column][vc_column width=&#8221;1\/3&#8243; css=&#8221;.vc_custom_1704967089754{margin-top: -142px !important;}&#8221;]<div class=\"cb-container  content-center   kd-animated fadeInUp\" data-animation-delay=400><div class=\"cb-wrapper\" style=\"background-color: #fff;\"><div class=\"cb-img-area\"><i class=\"fas fa-clock\" style=\" \"><\/i> <\/div><div class=\"cb-text-area\">\n                      <h4 class=\"cb-heading\" >ca. 3 - 4 Std.<\/h4><p >Dauer der Veranstaltung<\/p><\/div><\/div><\/div>[\/vc_column][\/vc_row][vc_row full_width=&#8221;stretch_row_content_no_spaces&#8221; kd_background_image_position=&#8221;vc_row-bg-position-top&#8221; css_tablet_portrait=&#8221;.vc_custom_1704979350022{margin-top: 0px !important;}&#8221; css_mobile=&#8221;.vc_custom_1704979350022{margin-top: 0px !important;}&#8221;][vc_column css=&#8221;.vc_custom_1597665991208{padding-right: 0px !important;padding-left: 0px !important;}&#8221;][vc_row_inner full_width=&#8221;inner_row_contained&#8221; kd_background_image_position=&#8221;vc_row-bg-position-top&#8221; css=&#8221;.vc_custom_1704979659016{padding-top: 100px !important;padding-bottom: 130px !important;}&#8221; css_tablet_portrait=&#8221;.vc_custom_1704979659016{margin-right: 0px !important;margin-bottom: 0px !important;margin-left: 0px !important;padding-top: 100px !important;padding-bottom: 100px !important;border-radius: 0px !important;}&#8221; css_mobile=&#8221;.vc_custom_1704979659016{margin-right: 0px !important;margin-left: 0px !important;padding-top: 100px !important;padding-bottom: 0px !important;background-image: url(https:\/\/www.swaytheme.com\/auto-service\/wp-content\/uploads\/sites\/37\/2020\/09\/auto-shapes.png?id=8717) !important;border-radius: 0px !important;}&#8221; css_tablet_landscape=&#8221;.vc_custom_1704979659016{margin-right: 0px !important;margin-left: 0px !important;padding-top: 100px !important;padding-bottom: 0px !important;border-radius: 0px !important;}&#8221;][vc_column_inner width=&#8221;1\/2&#8243; css_tablet_portrait=&#8221;.vc_custom_1598614995974{padding-left: 30px !important;}&#8221; css_mobile=&#8221;.vc_custom_1598614995975{padding-left: 15px !important;}&#8221;]<div class=\"kd-shapes shape_dots  \" style=\"top: -150px;left: 20px;width: 500px;height: 400px;\"  ><\/div><div class=\"kd-photo-group group-layout-left no-shadow disable-parallax  vc_custom_1709563085663\">\n                <div class=\"kd-group-image first-image-wrapper\"><img loading=\"lazy\" decoding=\"async\" width=\"2560\" height=\"1920\" src=\"https:\/\/www.krimitotal.de\/events\/wp-content\/uploads\/2024\/03\/krimitotal-events-tatort-der-galaabend-der-stars-02-scaled.jpg\" class=\"attachment-full\" alt=\"Zwei Frauen, die am Einlass stehen und von einem T\u00fcrsteher das Einlassb\u00e4ndchen um das Armgelenk gebunden bekommen\" title=\"Eine Szene aus dem KRIMI total TATORT - der Galaabend der Stars\" srcset=\"https:\/\/www.krimitotal.de\/events\/wp-content\/uploads\/2024\/03\/krimitotal-events-tatort-der-galaabend-der-stars-02-scaled.jpg 2560w, https:\/\/www.krimitotal.de\/events\/wp-content\/uploads\/2024\/03\/krimitotal-events-tatort-der-galaabend-der-stars-02-300x225.jpg 300w, https:\/\/www.krimitotal.de\/events\/wp-content\/uploads\/2024\/03\/krimitotal-events-tatort-der-galaabend-der-stars-02-1024x768.jpg 1024w, https:\/\/www.krimitotal.de\/events\/wp-content\/uploads\/2024\/03\/krimitotal-events-tatort-der-galaabend-der-stars-02-768x576.jpg 768w, https:\/\/www.krimitotal.de\/events\/wp-content\/uploads\/2024\/03\/krimitotal-events-tatort-der-galaabend-der-stars-02-1536x1152.jpg 1536w, https:\/\/www.krimitotal.de\/events\/wp-content\/uploads\/2024\/03\/krimitotal-events-tatort-der-galaabend-der-stars-02-2048x1536.jpg 2048w\" sizes=\"auto, (max-width: 2560px) 100vw, 2560px\" \/><\/div>\n                <div class=\"kd-group-image second-image-wrapper\" style=\"bottom: 0px;\"><img loading=\"lazy\" decoding=\"async\" width=\"2560\" height=\"1920\" src=\"https:\/\/www.krimitotal.de\/events\/wp-content\/uploads\/2024\/03\/krimitotal-events-tatort-der-galaabend-der-stars-02-scaled.jpg\" class=\"attachment-full\" alt=\"Zwei Frauen, die am Einlass stehen und von einem T\u00fcrsteher das Einlassb\u00e4ndchen um das Armgelenk gebunden bekommen\" title=\"Eine Szene aus dem KRIMI total TATORT - der Galaabend der Stars\" srcset=\"https:\/\/www.krimitotal.de\/events\/wp-content\/uploads\/2024\/03\/krimitotal-events-tatort-der-galaabend-der-stars-02-scaled.jpg 2560w, https:\/\/www.krimitotal.de\/events\/wp-content\/uploads\/2024\/03\/krimitotal-events-tatort-der-galaabend-der-stars-02-300x225.jpg 300w, https:\/\/www.krimitotal.de\/events\/wp-content\/uploads\/2024\/03\/krimitotal-events-tatort-der-galaabend-der-stars-02-1024x768.jpg 1024w, https:\/\/www.krimitotal.de\/events\/wp-content\/uploads\/2024\/03\/krimitotal-events-tatort-der-galaabend-der-stars-02-768x576.jpg 768w, https:\/\/www.krimitotal.de\/events\/wp-content\/uploads\/2024\/03\/krimitotal-events-tatort-der-galaabend-der-stars-02-1536x1152.jpg 1536w, https:\/\/www.krimitotal.de\/events\/wp-content\/uploads\/2024\/03\/krimitotal-events-tatort-der-galaabend-der-stars-02-2048x1536.jpg 2048w\" sizes=\"auto, (max-width: 2560px) 100vw, 2560px\" \/><\/div>\n            <\/div>[\/vc_column_inner][vc_column_inner width=&#8221;1\/2&#8243; css=&#8221;.vc_custom_1704970829748{padding-top: 0px !important;}&#8221;]<header class=\"kd-section-title col-lg-12 text-left  subtitle-below-title kd-animated fadeIn   vc_custom_1706198696855\" data-animation-delay=200><h1 class=\"separator_off\" style=\"font-size: 72px;line-height: 82px;margin-bottom:30px;\">Der Galaabend<br \/>\nder Stars<\/h1><\/header>[vc_column_text]<strong>Roter Teppich, Blitzlichtgewitter und \u2026 eine Leiche!<\/strong> Holen Sie Ihr sch\u00f6nstes Abendkleid aus dem Schrank, f\u00fchlen Sie sich wie ein Star.<br \/>\nDoch Vorsicht: <strong>Der Schein tr\u00fcgt!<\/strong> Mindestens einer der anwesenden Prominenten hat ein dunkles Geheimnis. Finden Sie heraus, <strong>welche Abgr\u00fcnde sich hinter Glanz und Glamour verstecken<\/strong> und kl\u00e4ren Sie einen mysteri\u00f6sen Mordfall auf!<\/p>\n<p>Verwandeln Sie Ihre Feier in einen Galaabend der Stars und Sternchen und schauen Sie in <strong>die moralischen Abgr\u00fcnde der High Society.<\/strong> Dabei \u00fcbernehmen Ihre mitspielenden G\u00e4ste die Rollen von acht Prominenten. Alle anderen G\u00e4ste sind Fans der verschiedenen Stars. Genie\u00dfen Sie es, gemeinsam <strong>einen Abend lang in die Welt der Stars und Promis einzutauchen.<\/strong>[\/vc_column_text][\/vc_column_inner][\/vc_row_inner][vc_row_inner kd_background_image_position=&#8221;vc_row-bg-position-top&#8221; css=&#8221;.vc_custom_1709563271822{padding-top: 400px !important;padding-bottom: 400px !important;background-image: url(https:\/\/www.krimitotal.de\/events\/wp-content\/uploads\/2024\/03\/krimitotal-events-tatort-der-galaabend-der-stars-03.jpg?id=12468) !important;}&#8221;][vc_column_inner][\/vc_column_inner][\/vc_row_inner][vc_empty_space height=&#8221;100px&#8221;][\/vc_column][\/vc_row][vc_row full_width=&#8221;stretch_row&#8221; kd_background_image_position=&#8221;vc_row-bg-position-top&#8221; css=&#8221;.vc_custom_1707398934438{padding-top: 50px !important;padding-bottom: 100px !important;}&#8221;][vc_column]<div data-speed=\"2000\" class=\"kd-text-rotator kd-rotatorid-69dc8e385cf90 text-center \"><h2 class=\"kd-text-rotator-container slide\" style=\"\">Selbst mal Zeuge werden? <span class=\"kd-rotator-wrapper\"><span class=\"rotator-single is-visible\">Spannend.<\/span><span class=\"rotator-single \">Witzig.<\/span><span class=\"rotator-single \">Lecker.<\/span><\/span><\/h2><\/div><header class=\"kd-section-title col-lg-12 text-center  subtitle-below-title   \" ><h6 class=\"subtitle\" >Ihre n\u00e4chste Veranstaltung wird unvergesslich. Fragen Sie uns an und wir kommen mit KRIMI total TATORT zu Ihnen \u2013 deutschlandweit.<\/h6><\/header><a  href=\"https:\/\/www.krimitotal.de\/events\/kontakt\/\"  target=\"_self\"  title=\"Kontakt\"  class=\"tt_button tt_primary_button btn_primary_color  button-center button-action-link\" ><span class=\"prim_text\">Kontakt<\/span><\/a>[\/vc_column][\/vc_row][vc_row full_width=&#8221;stretch_row&#8221; kd_background_image_position=&#8221;vc_row-bg-position-top&#8221;][vc_column]<header class=\"kd-section-title col-lg-12 text-center  subtitle-below-title   \" ><h2 class=\"separator_off\" >Unsere weiteren Tatorte<\/h2><\/header>[vc_row_inner kd_background_image_position=&#8221;vc_row-bg-position-top&#8221;][vc_column_inner][vc_empty_space][\/vc_column_inner][\/vc_row_inner][\/vc_column][\/vc_row][vc_row kd_background_image_position=&#8221;vc_row-bg-position-top&#8221;][vc_column width=&#8221;1\/4&#8243;][\/vc_column][vc_column width=&#8221;3\/4&#8243;]\r\n                <div class=\"photobox-carousel pbc-parent pbc-contained-layout loop_off black-navigation kd-pbc-69dc8e385d055 nav-arrows\">\r\n                    <div class=\"pbc-content\"><div class=\"kd-photobox  \" ><div class=\"photobox-img\"><a href=\"https:\/\/www.krimitotal.de\/events\/krimi-total-tatort\/das-treffen-der-bosse\/\"  title=\"Das Treffen der Bosse\"><img loading=\"lazy\" decoding=\"async\" width=\"400\" height=\"400\" src=\"https:\/\/www.krimitotal.de\/events\/wp-content\/uploads\/2024\/03\/krimitotal-events-tatort-das-treffen-der-bosse-01.jpg\" class=\"attachment-full\" alt=\"Portrait eines b\u00e4rtigen Mannes mit Hut, der in die Kamera blickt\" title=\"KRIMI total TATORT - Das Treffen der Bosse\" srcset=\"https:\/\/www.krimitotal.de\/events\/wp-content\/uploads\/2024\/03\/krimitotal-events-tatort-das-treffen-der-bosse-01.jpg 400w, https:\/\/www.krimitotal.de\/events\/wp-content\/uploads\/2024\/03\/krimitotal-events-tatort-das-treffen-der-bosse-01-300x300.jpg 300w, https:\/\/www.krimitotal.de\/events\/wp-content\/uploads\/2024\/03\/krimitotal-events-tatort-das-treffen-der-bosse-01-150x150.jpg 150w, https:\/\/www.krimitotal.de\/events\/wp-content\/uploads\/2024\/03\/krimitotal-events-tatort-das-treffen-der-bosse-01-320x320.jpg 320w\" sizes=\"auto, (max-width: 400px) 100vw, 400px\" \/><\/a><\/div><div class=\"phb-content text-center \"><h5 >Das Treffen der Bosse<\/h5><\/div><\/div><div class=\"kd-photobox  \" ><div class=\"photobox-img\"><a href=\"https:\/\/www.krimitotal.de\/events\/krimi-total-tatort\/die-mission-der-agenten\/\"  title=\"Die Mission der Agenten\"><img loading=\"lazy\" decoding=\"async\" width=\"400\" height=\"400\" src=\"https:\/\/www.krimitotal.de\/events\/wp-content\/uploads\/2024\/03\/krimitotal-events-tatort-die-mission-der-agenten-01.jpg\" class=\"attachment-full\" alt=\"Die Mission der Agenten\" title=\"KRIMI total TATORT - Die Mission der Agenten\" srcset=\"https:\/\/www.krimitotal.de\/events\/wp-content\/uploads\/2024\/03\/krimitotal-events-tatort-die-mission-der-agenten-01.jpg 400w, https:\/\/www.krimitotal.de\/events\/wp-content\/uploads\/2024\/03\/krimitotal-events-tatort-die-mission-der-agenten-01-300x300.jpg 300w, https:\/\/www.krimitotal.de\/events\/wp-content\/uploads\/2024\/03\/krimitotal-events-tatort-die-mission-der-agenten-01-150x150.jpg 150w, https:\/\/www.krimitotal.de\/events\/wp-content\/uploads\/2024\/03\/krimitotal-events-tatort-die-mission-der-agenten-01-320x320.jpg 320w\" sizes=\"auto, (max-width: 400px) 100vw, 400px\" \/><\/a><\/div><div class=\"phb-content text-center \"><h5 >Die Mission der Agenten<\/h5><\/div><\/div><\/div>\r\n                <\/div><script>\r\n          \t\t\t\tjQuery(document).ready(function($){\r\n                    if ($(\".photobox-carousel.kd-pbc-69dc8e385d055 .pbc-content\").length) {\r\n                      $(\".photobox-carousel.kd-pbc-69dc8e385d055 .pbc-content\").owlCarousel({\r\n                          stageClass: \"owl-wrapper\",\r\n                          stageOuterClass: \"owl-wrapper-outer\",\r\n                          loadedClass: \"owl-carousel\",\r\n                          responsive:{\r\n                              0:{\r\n                                  items:1,\r\n                                  dots: false,\r\n                                  nav: true,\r\n                                  navSpeed: 500,\r\n                              },\r\n                              768:{\r\n                                  items:2,\r\n                                  dots: false,\r\n                                  nav: true,\r\n                                  navSpeed: 500,\r\n                              },\r\n                              1199:{items:3,dots: false,\r\n                              nav: true,\r\n                              navSpeed: 500,\r\n                              },\r\n                              1366:{items:3,\nnav: true,\r\n                                      navSpeed: 500,\r\n                                      dots: false,}\r\n                          },\r\n                          checkVisible: false,\nautoplay: false,\nautoplayHoverPause: false,addClassActive: true,\r\n                      });\r\n                    }\r\n          \t\t\t\t});\r\n          \t\t\t<\/script>[\/vc_column][\/vc_row][vc_row kd_background_image_position=&#8221;vc_row-bg-position-top&#8221;][vc_column][vc_empty_space height=&#8221;50px&#8221;][\/vc_column][\/vc_row]<\/p>\n<\/div>","protected":false},"excerpt":{"rendered":"<p>[vc_row full_width=&#8221;stretch_row&#8221; kd_background_image_position=&#8221;vc_row-bg-position-top&#8221; css=&#8221;.vc_custom_1709562803635{padding-top: 310px !important;padding-bottom: 450px !important;background-image: url(https:\/\/www.krimitotal.de\/events\/wp-content\/uploads\/2024\/03\/krimitotal-events-tatort-der-galaabend-der-stars.jpg?id=12463) !important;background-position: center !important;background-repeat: no-repeat !important;background-size: cover !important;}&#8221; css_tablet_portrait=&#8221;.vc_custom_1709562803636{padding-top: 150px !important;padding-bottom: 150px [&hellip;]<\/p>\n","protected":false},"author":2,"featured_media":0,"parent":10139,"menu_order":0,"comment_status":"closed","ping_status":"closed","template":"","meta":{"footnotes":""},"class_list":["post-10328","page","type-page","status-publish","hentry"],"_links":{"self":[{"href":"https:\/\/www.krimitotal.de\/events\/wp-json\/wp\/v2\/pages\/10328","targetHints":{"allow":["GET"]}}],"collection":[{"href":"https:\/\/www.krimitotal.de\/events\/wp-json\/wp\/v2\/pages"}],"about":[{"href":"https:\/\/www.krimitotal.de\/events\/wp-json\/wp\/v2\/types\/page"}],"author":[{"embeddable":true,"href":"https:\/\/www.krimitotal.de\/events\/wp-json\/wp\/v2\/users\/2"}],"replies":[{"embeddable":true,"href":"https:\/\/www.krimitotal.de\/events\/wp-json\/wp\/v2\/comments?post=10328"}],"version-history":[{"count":0,"href":"https:\/\/www.krimitotal.de\/events\/wp-json\/wp\/v2\/pages\/10328\/revisions"}],"up":[{"embeddable":true,"href":"https:\/\/www.krimitotal.de\/events\/wp-json\/wp\/v2\/pages\/10139"}],"wp:attachment":[{"href":"https:\/\/www.krimitotal.de\/events\/wp-json\/wp\/v2\/media?parent=10328"}],"curies":[{"name":"wp","href":"https:\/\/api.w.org\/{rel}","templated":true}]}}