{"id":10330,"date":"2024-01-16T11:42:26","date_gmt":"2024-01-16T10:42:26","guid":{"rendered":"https:\/\/events.krimitotal.de\/?page_id=10330"},"modified":"2024-03-04T15:29:08","modified_gmt":"2024-03-04T14:29:08","slug":"die-mission-der-agenten","status":"publish","type":"page","link":"https:\/\/www.krimitotal.de\/events\/tatort\/die-mission-der-agenten\/","title":{"rendered":"Die Mission der Agenten"},"content":{"rendered":"<div class=\"wpb-content-wrapper\"><p>[vc_row full_width=&#8221;stretch_row&#8221; kd_background_image_position=&#8221;vc_row-bg-position-top&#8221; css=&#8221;.vc_custom_1709561862805{padding-top: 310px !important;padding-bottom: 450px !important;background-image: url(https:\/\/www.krimitotal.de\/events\/wp-content\/uploads\/2024\/03\/krimitotal-events-tatort-die-mission-der-agenten.jpg?id=12453) !important;background-position: center !important;background-repeat: no-repeat !important;background-size: cover !important;}&#8221; css_tablet_portrait=&#8221;.vc_custom_1709561862805{padding-top: 150px !important;padding-bottom: 150px !important;}&#8221; css_mobile=&#8221;.vc_custom_1709561862805{padding-top: 150px !important;padding-bottom: 150px !important;}&#8221;][vc_column css=&#8221;.vc_custom_1516115464846{padding-left: 0px !important;}&#8221;][\/vc_column][\/vc_row][vc_row kd_background_image_position=&#8221;vc_row-bg-position-top&#8221; css=&#8221;.vc_custom_1597999860805{margin-bottom: 0px !important;}&#8221;][vc_column width=&#8221;1\/3&#8243; css=&#8221;.vc_custom_1599033169011{margin-top: -142px !important;padding-right: 0px !important;padding-left: 0px !important;}&#8221; css_tablet_landscape=&#8221;.vc_custom_1599033169012{margin-top: 50px !important;}&#8221; css_tablet_portrait=&#8221;.vc_custom_1599033169013{margin-top: 50px !important;}&#8221; css_mobile=&#8221;.vc_custom_1599033169014{margin-top: 50px !important;}&#8221;]<div class=\"cb-container  content-center   kd-animated fadeInUp\" data-animation-delay=200><div class=\"cb-wrapper\" style=\"background-color: #fff;\"><div class=\"cb-img-area\"><i class=\"fas fa-users\" style=\" \"><\/i> <\/div><div class=\"cb-text-area\">\n                      <h4 class=\"cb-heading\" >25 - 250<\/h4><p >Personen<\/p><\/div><\/div><\/div>[\/vc_column][vc_column width=&#8221;1\/3&#8243; css=&#8221;.vc_custom_1704967083488{margin-top: -142px !important;}&#8221;]<div class=\"cb-container  content-center   kd-animated fadeInUp\" data-animation-delay=200><div class=\"cb-wrapper\" style=\"background-color: #fff;\"><div class=\"cb-img-area\"><i class=\"fas fa-utensils\" style=\" \"><\/i> <\/div><div class=\"cb-text-area\">\n                      <h4 class=\"cb-heading\" >Buffet<\/h4><p >Catering<\/p><\/div><\/div><\/div>[\/vc_column][vc_column width=&#8221;1\/3&#8243; css=&#8221;.vc_custom_1704967089754{margin-top: -142px !important;}&#8221;]<div class=\"cb-container  content-center   kd-animated fadeInUp\" data-animation-delay=400><div class=\"cb-wrapper\" style=\"background-color: #fff;\"><div class=\"cb-img-area\"><i class=\"fas fa-clock\" style=\" \"><\/i> <\/div><div class=\"cb-text-area\">\n                      <h4 class=\"cb-heading\" >ca. 3 - 4 Std.<\/h4><p >Dauer der Veranstaltung<\/p><\/div><\/div><\/div>[\/vc_column][\/vc_row][vc_row full_width=&#8221;stretch_row_content_no_spaces&#8221; kd_background_image_position=&#8221;vc_row-bg-position-top&#8221; css_tablet_portrait=&#8221;.vc_custom_1704979350022{margin-top: 0px !important;}&#8221; css_mobile=&#8221;.vc_custom_1704979350022{margin-top: 0px !important;}&#8221;][vc_column css=&#8221;.vc_custom_1597665991208{padding-right: 0px !important;padding-left: 0px !important;}&#8221;][vc_row_inner full_width=&#8221;inner_row_contained&#8221; kd_background_image_position=&#8221;vc_row-bg-position-top&#8221; css=&#8221;.vc_custom_1704979659016{padding-top: 100px !important;padding-bottom: 130px !important;}&#8221; css_tablet_portrait=&#8221;.vc_custom_1704979659016{margin-right: 0px !important;margin-bottom: 0px !important;margin-left: 0px !important;padding-top: 100px !important;padding-bottom: 100px !important;border-radius: 0px !important;}&#8221; css_mobile=&#8221;.vc_custom_1704979659016{margin-right: 0px !important;margin-left: 0px !important;padding-top: 100px !important;padding-bottom: 0px !important;background-image: url(https:\/\/www.swaytheme.com\/auto-service\/wp-content\/uploads\/sites\/37\/2020\/09\/auto-shapes.png?id=8717) !important;border-radius: 0px !important;}&#8221; css_tablet_landscape=&#8221;.vc_custom_1704979659016{margin-right: 0px !important;margin-left: 0px !important;padding-top: 100px !important;padding-bottom: 0px !important;border-radius: 0px !important;}&#8221;][vc_column_inner width=&#8221;1\/2&#8243; css_tablet_portrait=&#8221;.vc_custom_1598614995974{padding-left: 30px !important;}&#8221; css_mobile=&#8221;.vc_custom_1598614995975{padding-left: 15px !important;}&#8221;]<div class=\"kd-shapes shape_dots  \" style=\"top: -150px;left: 20px;width: 500px;height: 400px;\"  ><\/div><div class=\"kd-photo-group group-layout-left no-shadow disable-parallax  vc_custom_1709562083395\">\n                <div class=\"kd-group-image first-image-wrapper\"><img loading=\"lazy\" decoding=\"async\" width=\"2560\" height=\"1839\" src=\"https:\/\/www.krimitotal.de\/events\/wp-content\/uploads\/2024\/03\/krimitotal-events-tatort-die-mission-der-agenten-02-scaled.jpg\" class=\"attachment-full\" alt=\"Requisiten aus dem KRIMI total TATORT &quot;Die Mission der Agenten&quot;\" title=\"KRIMI total TATORT - Die Mission der Agenten\" srcset=\"https:\/\/www.krimitotal.de\/events\/wp-content\/uploads\/2024\/03\/krimitotal-events-tatort-die-mission-der-agenten-02-scaled.jpg 2560w, https:\/\/www.krimitotal.de\/events\/wp-content\/uploads\/2024\/03\/krimitotal-events-tatort-die-mission-der-agenten-02-300x215.jpg 300w, https:\/\/www.krimitotal.de\/events\/wp-content\/uploads\/2024\/03\/krimitotal-events-tatort-die-mission-der-agenten-02-1024x735.jpg 1024w, https:\/\/www.krimitotal.de\/events\/wp-content\/uploads\/2024\/03\/krimitotal-events-tatort-die-mission-der-agenten-02-768x552.jpg 768w, https:\/\/www.krimitotal.de\/events\/wp-content\/uploads\/2024\/03\/krimitotal-events-tatort-die-mission-der-agenten-02-1536x1103.jpg 1536w, https:\/\/www.krimitotal.de\/events\/wp-content\/uploads\/2024\/03\/krimitotal-events-tatort-die-mission-der-agenten-02-2048x1471.jpg 2048w\" sizes=\"auto, (max-width: 2560px) 100vw, 2560px\" \/><\/div>\n                <div class=\"kd-group-image second-image-wrapper\" style=\"bottom: 0px;\"><img loading=\"lazy\" decoding=\"async\" width=\"2560\" height=\"1839\" src=\"https:\/\/www.krimitotal.de\/events\/wp-content\/uploads\/2024\/03\/krimitotal-events-tatort-die-mission-der-agenten-02-scaled.jpg\" class=\"attachment-full\" alt=\"Requisiten aus dem KRIMI total TATORT &quot;Die Mission der Agenten&quot;\" title=\"KRIMI total TATORT - Die Mission der Agenten\" srcset=\"https:\/\/www.krimitotal.de\/events\/wp-content\/uploads\/2024\/03\/krimitotal-events-tatort-die-mission-der-agenten-02-scaled.jpg 2560w, https:\/\/www.krimitotal.de\/events\/wp-content\/uploads\/2024\/03\/krimitotal-events-tatort-die-mission-der-agenten-02-300x215.jpg 300w, https:\/\/www.krimitotal.de\/events\/wp-content\/uploads\/2024\/03\/krimitotal-events-tatort-die-mission-der-agenten-02-1024x735.jpg 1024w, https:\/\/www.krimitotal.de\/events\/wp-content\/uploads\/2024\/03\/krimitotal-events-tatort-die-mission-der-agenten-02-768x552.jpg 768w, https:\/\/www.krimitotal.de\/events\/wp-content\/uploads\/2024\/03\/krimitotal-events-tatort-die-mission-der-agenten-02-1536x1103.jpg 1536w, https:\/\/www.krimitotal.de\/events\/wp-content\/uploads\/2024\/03\/krimitotal-events-tatort-die-mission-der-agenten-02-2048x1471.jpg 2048w\" sizes=\"auto, (max-width: 2560px) 100vw, 2560px\" \/><\/div>\n            <\/div>[\/vc_column_inner][vc_column_inner width=&#8221;1\/2&#8243; css=&#8221;.vc_custom_1704970829748{padding-top: 0px !important;}&#8221;]<header class=\"kd-section-title col-lg-12 text-left  subtitle-below-title kd-animated fadeIn   vc_custom_1706272078105\" data-animation-delay=200><h1 class=\"separator_off\" style=\"font-size: 72px;line-height: 82px;margin-bottom:30px;\">Die Mission der Agenten<\/h1><\/header>[vc_column_text]Die Assistentin eine Undercover-Agentin? Der Vorgesetzte ein cooler Geheimdienstchef?<\/p>\n<p><strong>Bei dieser Geschichte ist alles sehr geheimnisvoll.<\/strong><\/p>\n<p>&#8230; sogar so geheimnisvoll, dass wir hier nichts \u00fcber die h\u00f6chst r\u00e4tselhafte Geschichte verraten. Aber wir sind sicher, dass so erfahrene Agenten wie Sie auch mit diesem \u00e4u\u00dferst mysteri\u00f6sen Fall viel Spa\u00df haben werden. Doch seien Sie auf der Hut, <strong>denn es ist nichts so, wie es scheint &#8230;<\/strong>[\/vc_column_text][\/vc_column_inner][\/vc_row_inner][vc_row_inner kd_background_image_position=&#8221;vc_row-bg-position-top&#8221; css=&#8221;.vc_custom_1709562271612{padding-top: 400px !important;padding-bottom: 400px !important;background-image: url(https:\/\/www.krimitotal.de\/events\/wp-content\/uploads\/2024\/03\/krimitotal-events-tatort-die-mission-der-agenten-03.jpg?id=12458) !important;}&#8221;][vc_column_inner][\/vc_column_inner][\/vc_row_inner][vc_empty_space height=&#8221;100px&#8221;][\/vc_column][\/vc_row][vc_row full_width=&#8221;stretch_row&#8221; kd_background_image_position=&#8221;vc_row-bg-position-top&#8221; css=&#8221;.vc_custom_1707399020722{padding-top: 50px !important;padding-bottom: 100px !important;}&#8221;][vc_column]<div data-speed=\"2000\" class=\"kd-text-rotator kd-rotatorid-69dc8e711f8e5 text-center \"><h2 class=\"kd-text-rotator-container slide\" style=\"\">Selbst mal Zeuge werden? <span class=\"kd-rotator-wrapper\"><span class=\"rotator-single is-visible\">Spannend.<\/span><span class=\"rotator-single \">Witzig.<\/span><span class=\"rotator-single \">Lecker.<\/span><\/span><\/h2><\/div><header class=\"kd-section-title col-lg-12 text-center  subtitle-below-title   \" ><h6 class=\"subtitle\" >Ihre n\u00e4chste Veranstaltung wird unvergesslich. Fragen Sie uns an und wir kommen mit KRIMI total TATORT zu Ihnen \u2013 deutschlandweit.<\/h6><\/header><a  href=\"https:\/\/www.krimitotal.de\/events\/kontakt\/\"  target=\"_self\"  title=\"Kontakt\"  class=\"tt_button tt_primary_button btn_primary_color  button-center button-action-link\" ><span class=\"prim_text\">Kontakt<\/span><\/a>[\/vc_column][\/vc_row][vc_row full_width=&#8221;stretch_row&#8221; kd_background_image_position=&#8221;vc_row-bg-position-top&#8221;][vc_column]<header class=\"kd-section-title col-lg-12 text-center  subtitle-below-title   \" ><h2 class=\"separator_off\" >Unsere weiteren Tatorte<\/h2><\/header>[vc_row_inner kd_background_image_position=&#8221;vc_row-bg-position-top&#8221;][vc_column_inner][vc_empty_space][\/vc_column_inner][\/vc_row_inner][\/vc_column][\/vc_row][vc_row kd_background_image_position=&#8221;vc_row-bg-position-top&#8221;][vc_column width=&#8221;1\/4&#8243;][\/vc_column][vc_column width=&#8221;3\/4&#8243;]\r\n                <div class=\"photobox-carousel pbc-parent pbc-contained-layout loop_off black-navigation kd-pbc-69dc8e711f974 nav-arrows\">\r\n                    <div class=\"pbc-content\"><div class=\"kd-photobox  \" ><div class=\"photobox-img\"><a href=\"https:\/\/www.krimitotal.de\/events\/krimi-total-tatort\/das-treffen-der-bosse\/\"  title=\"Das Treffen der Bosse\"><img loading=\"lazy\" decoding=\"async\" width=\"400\" height=\"400\" src=\"https:\/\/www.krimitotal.de\/events\/wp-content\/uploads\/2024\/03\/krimitotal-events-tatort-das-treffen-der-bosse-01.jpg\" class=\"attachment-full\" alt=\"Portrait eines b\u00e4rtigen Mannes mit Hut, der in die Kamera blickt\" title=\"KRIMI total TATORT - Das Treffen der Bosse\" srcset=\"https:\/\/www.krimitotal.de\/events\/wp-content\/uploads\/2024\/03\/krimitotal-events-tatort-das-treffen-der-bosse-01.jpg 400w, https:\/\/www.krimitotal.de\/events\/wp-content\/uploads\/2024\/03\/krimitotal-events-tatort-das-treffen-der-bosse-01-300x300.jpg 300w, https:\/\/www.krimitotal.de\/events\/wp-content\/uploads\/2024\/03\/krimitotal-events-tatort-das-treffen-der-bosse-01-150x150.jpg 150w, https:\/\/www.krimitotal.de\/events\/wp-content\/uploads\/2024\/03\/krimitotal-events-tatort-das-treffen-der-bosse-01-320x320.jpg 320w\" sizes=\"auto, (max-width: 400px) 100vw, 400px\" \/><\/a><\/div><div class=\"phb-content text-center \"><h5 >Das Treffen der Bosse<\/h5><\/div><\/div><div class=\"kd-photobox  \" ><div class=\"photobox-img\"><a href=\"https:\/\/www.krimitotal.de\/events\/krimi-total-tatort\/der-galaabend-der-stars\/\"  title=\"Der Galaabend der Stars\"><img loading=\"lazy\" decoding=\"async\" width=\"400\" height=\"400\" src=\"https:\/\/www.krimitotal.de\/events\/wp-content\/uploads\/2024\/03\/krimitotal-events-tatort-der-galaabend-der-stars-01.jpg\" class=\"attachment-full\" alt=\"Portrait einer attraktiven Dame in einem roten Kleid, welche Moderationskarten in den H\u00e4nden h\u00e4lt\" title=\"KRIMI total TATORT - Der Galaabend der Stars\" srcset=\"https:\/\/www.krimitotal.de\/events\/wp-content\/uploads\/2024\/03\/krimitotal-events-tatort-der-galaabend-der-stars-01.jpg 400w, https:\/\/www.krimitotal.de\/events\/wp-content\/uploads\/2024\/03\/krimitotal-events-tatort-der-galaabend-der-stars-01-300x300.jpg 300w, https:\/\/www.krimitotal.de\/events\/wp-content\/uploads\/2024\/03\/krimitotal-events-tatort-der-galaabend-der-stars-01-150x150.jpg 150w, https:\/\/www.krimitotal.de\/events\/wp-content\/uploads\/2024\/03\/krimitotal-events-tatort-der-galaabend-der-stars-01-320x320.jpg 320w\" sizes=\"auto, (max-width: 400px) 100vw, 400px\" \/><\/a><\/div><div class=\"phb-content text-center \"><h5 >Der Galaabend der Stars<\/h5><\/div><\/div><\/div>\r\n                <\/div><script>\r\n          \t\t\t\tjQuery(document).ready(function($){\r\n                    if ($(\".photobox-carousel.kd-pbc-69dc8e711f974 .pbc-content\").length) {\r\n                      $(\".photobox-carousel.kd-pbc-69dc8e711f974 .pbc-content\").owlCarousel({\r\n                          stageClass: \"owl-wrapper\",\r\n                          stageOuterClass: \"owl-wrapper-outer\",\r\n                          loadedClass: \"owl-carousel\",\r\n                          responsive:{\r\n                              0:{\r\n                                  items:1,\r\n                                  dots: false,\r\n                                  nav: true,\r\n                                  navSpeed: 500,\r\n                              },\r\n                              768:{\r\n                                  items:2,\r\n                                  dots: false,\r\n                                  nav: true,\r\n                                  navSpeed: 500,\r\n                              },\r\n                              1199:{items:3,dots: false,\r\n                              nav: true,\r\n                              navSpeed: 500,\r\n                              },\r\n                              1366:{items:3,\nnav: true,\r\n                                      navSpeed: 500,\r\n                                      dots: false,}\r\n                          },\r\n                          checkVisible: false,\nautoplay: false,\nautoplayHoverPause: false,addClassActive: true,\r\n                      });\r\n                    }\r\n          \t\t\t\t});\r\n          \t\t\t<\/script>[\/vc_column][\/vc_row][vc_row kd_background_image_position=&#8221;vc_row-bg-position-top&#8221;][vc_column][vc_empty_space height=&#8221;50px&#8221;][\/vc_column][\/vc_row]<\/p>\n<\/div>","protected":false},"excerpt":{"rendered":"<p>[vc_row full_width=&#8221;stretch_row&#8221; kd_background_image_position=&#8221;vc_row-bg-position-top&#8221; css=&#8221;.vc_custom_1709561862805{padding-top: 310px !important;padding-bottom: 450px !important;background-image: url(https:\/\/www.krimitotal.de\/events\/wp-content\/uploads\/2024\/03\/krimitotal-events-tatort-die-mission-der-agenten.jpg?id=12453) !important;background-position: center !important;background-repeat: no-repeat !important;background-size: cover !important;}&#8221; css_tablet_portrait=&#8221;.vc_custom_1709561862805{padding-top: 150px !important;padding-bottom: 150px [&hellip;]<\/p>\n","protected":false},"author":2,"featured_media":0,"parent":10139,"menu_order":0,"comment_status":"closed","ping_status":"closed","template":"","meta":{"footnotes":""},"class_list":["post-10330","page","type-page","status-publish","hentry"],"_links":{"self":[{"href":"https:\/\/www.krimitotal.de\/events\/wp-json\/wp\/v2\/pages\/10330","targetHints":{"allow":["GET"]}}],"collection":[{"href":"https:\/\/www.krimitotal.de\/events\/wp-json\/wp\/v2\/pages"}],"about":[{"href":"https:\/\/www.krimitotal.de\/events\/wp-json\/wp\/v2\/types\/page"}],"author":[{"embeddable":true,"href":"https:\/\/www.krimitotal.de\/events\/wp-json\/wp\/v2\/users\/2"}],"replies":[{"embeddable":true,"href":"https:\/\/www.krimitotal.de\/events\/wp-json\/wp\/v2\/comments?post=10330"}],"version-history":[{"count":0,"href":"https:\/\/www.krimitotal.de\/events\/wp-json\/wp\/v2\/pages\/10330\/revisions"}],"up":[{"embeddable":true,"href":"https:\/\/www.krimitotal.de\/events\/wp-json\/wp\/v2\/pages\/10139"}],"wp:attachment":[{"href":"https:\/\/www.krimitotal.de\/events\/wp-json\/wp\/v2\/media?parent=10330"}],"curies":[{"name":"wp","href":"https:\/\/api.w.org\/{rel}","templated":true}]}}