{"id":10740,"date":"2024-01-19T13:55:02","date_gmt":"2024-01-19T12:55:02","guid":{"rendered":"https:\/\/events.krimitotal.de\/?page_id=10740"},"modified":"2026-01-26T14:54:46","modified_gmt":"2026-01-26T13:54:46","slug":"geburtstag","status":"publish","type":"page","link":"https:\/\/www.krimitotal.de\/events\/geburtstag\/","title":{"rendered":"Geburtstagsfeier"},"content":{"rendered":"<div class=\"wpb-content-wrapper\"><p>[vc_row full_width=&#8221;stretch_row&#8221; kd_background_image_position=&#8221;vc_row-bg-position-top&#8221; css=&#8221;.vc_custom_1709652611104{padding-top: 150px !important;padding-bottom: 100px !important;background-image: url(https:\/\/www.krimitotal.de\/events\/wp-content\/uploads\/2024\/03\/krimitotal-events-geburtstag.jpg?id=12569) !important;background-position: center !important;background-repeat: no-repeat !important;background-size: cover !important;}&#8221; css_tablet_portrait=&#8221;.vc_custom_1709652611104{padding-top: 150px !important;padding-bottom: 150px !important;}&#8221; css_mobile=&#8221;.vc_custom_1709652611104{padding-top: 150px !important;padding-bottom: 150px !important;}&#8221;][vc_column css=&#8221;.vc_custom_1516115464846{padding-left: 0px !important;}&#8221;]<header class=\"kd-section-title col-lg-12 text-center  subtitle-below-title    vc_custom_1706103401799\" ><h1 class=\"separator_off\" style=\"color: #ffffff;\">Kriminelle Geburtstagsfeiern<\/h1><\/header>[\/vc_column][\/vc_row][vc_row full_width=&#8221;stretch_row_content_no_spaces&#8221; kd_background_image_position=&#8221;vc_row-bg-position-top&#8221; css_tablet_portrait=&#8221;.vc_custom_1706107427405{margin-top: 0px !important;}&#8221; css_mobile=&#8221;.vc_custom_1706107427406{margin-top: 0px !important;}&#8221; css=&#8221;.vc_custom_1706107427405{padding-bottom: 100px !important;}&#8221;][vc_column css=&#8221;.vc_custom_1597665991208{padding-right: 0px !important;padding-left: 0px !important;}&#8221;][vc_row_inner full_width=&#8221;inner_row_contained&#8221; kd_background_image_position=&#8221;vc_row-bg-position-top&#8221; css=&#8221;.vc_custom_1769435556404{padding-top: 100px !important;padding-bottom: 50px !important;}&#8221; css_tablet_portrait=&#8221;.vc_custom_1769435556404{margin-right: 0px !important;margin-bottom: 0px !important;margin-left: 0px !important;padding-top: 100px !important;padding-bottom: 100px !important;border-radius: 0px !important;}&#8221; css_mobile=&#8221;.vc_custom_1769435556404{margin-right: 20px !important;margin-left: 0px !important;padding-top: 100px !important;padding-bottom: 0px !important;background-image: url(https:\/\/www.swaytheme.com\/auto-service\/wp-content\/uploads\/sites\/37\/2020\/09\/auto-shapes.png?id=8717) !important;border-radius: 0px !important;}&#8221; css_tablet_landscape=&#8221;.vc_custom_1769435556404{margin-right: 0px !important;margin-left: 0px !important;padding-top: 100px !important;padding-bottom: 0px !important;border-radius: 0px !important;}&#8221;][vc_column_inner width=&#8221;1\/2&#8243; css_tablet_portrait=&#8221;.vc_custom_1705936692903{padding-left: 30px !important;}&#8221; css_mobile=&#8221;.vc_custom_1705936692903{padding-left: 15px !important;}&#8221; css=&#8221;.vc_custom_1705936692903{border-right-width: 50px !important;}&#8221;]<div class=\"kd-photo-group group-layout-left-right large-shadow enable-parallax\">\n                <div class=\"kd-group-image first-image-wrapper\"><div class=\"kd-group-image-animation kd-animated fadeInUp\" data-animation-delay=200><img loading=\"lazy\" decoding=\"async\" width=\"370\" height=\"420\" src=\"https:\/\/www.krimitotal.de\/events\/wp-content\/uploads\/2024\/03\/krimitotal-events-geburtstag-02.jpg\" class=\"attachment-full\" alt=\"Red Velvet Cake Geburtstagskuchen, von dem Blut heruntertropft\" title=\"Blutige Geburtstagstorte\" srcset=\"https:\/\/www.krimitotal.de\/events\/wp-content\/uploads\/2024\/03\/krimitotal-events-geburtstag-02.jpg 370w, https:\/\/www.krimitotal.de\/events\/wp-content\/uploads\/2024\/03\/krimitotal-events-geburtstag-02-264x300.jpg 264w\" sizes=\"auto, (max-width: 370px) 100vw, 370px\" \/><\/div><\/div>\n                <div class=\"kd-group-image second-image-wrapper\" style=\"bottom: -35%;\"><div class=\"kd-group-image-animation kd-animated fadeInDown\" data-animation-delay=200><img loading=\"lazy\" decoding=\"async\" width=\"370\" height=\"390\" src=\"https:\/\/www.krimitotal.de\/events\/wp-content\/uploads\/2024\/03\/krimitotal-events-geburtstag-03.jpg\" class=\"attachment-full\" alt=\"Beispiel einer Mottoparty zum Geburtstag von KRIMI total\" title=\"Feiere deinen Geburtstag auf andere Art\" srcset=\"https:\/\/www.krimitotal.de\/events\/wp-content\/uploads\/2024\/03\/krimitotal-events-geburtstag-03.jpg 370w, https:\/\/www.krimitotal.de\/events\/wp-content\/uploads\/2024\/03\/krimitotal-events-geburtstag-03-285x300.jpg 285w\" sizes=\"auto, (max-width: 370px) 100vw, 370px\" \/><\/div><\/div>\n            <\/div><div class=\"kd-shapes shape_dots  \" style=\"bottom: 35px;left: -70px;width: 172;height: 172;\"  ><\/div>[\/vc_column_inner][vc_column_inner width=&#8221;1\/2&#8243; css=&#8221;.vc_custom_1769435512259{margin-left: 50px !important;padding-top: 0px !important;}&#8221; css_mobile=&#8221;.vc_custom_1769435512259{margin-top: 50px !important;margin-right: 50px !important;margin-left: 20px !important;}&#8221;]<header class=\"kd-section-title col-lg-12 text-left  subtitle-below-title kd-animated fadeIn   vc_custom_1769435378044\" data-animation-delay=200><h2 class=\"separator_off\" style=\"margin-bottom:30px;\">Mordsspa\u00df zum Geburtstag<\/h2><\/header>[vc_column_text]Du denkst, Geburtstage m\u00fcssen immer mit Kuchen und Kerzen gefeiert werden? Wir sagen: Schluss mit dem Standard! <strong>Bei uns wird Dein Geburtstag zum Crime-Day<\/strong>.<\/p>\n<p>Ob Dinner-Theater-Show, R\u00e4tsel-Raten mit Deinen Freunden oder die Aufkl\u00e4rung eines mysteri\u00f6sen Mordes \u2013 hier erlebst Du eine Geburtstagsfeier, die so <strong>einzigartig ist wie Du.<\/strong><\/p>\n<h3>L\u00f6st an deinem Geburtstag einen Mordfall!<\/h3>\n<p>KRIMI total verwandelt Deinen Geburtstag in eine<strong> coole Mafia-Mottoparty<\/strong> oder eine geheime Agentenmission <strong>mit Escape-Room-Elementen <\/strong>\u2013 und mit einer Leiche, die wir nach der Veranstaltung selbstverst\u00e4ndlich wieder spurlos verschwinden lassen.<\/p>\n<p><strong>\u00dcber diesen Geburtstag sprecht ihr noch in Jahren!<\/strong>[\/vc_column_text][\/vc_column_inner][\/vc_row_inner][\/vc_column][\/vc_row][vc_row full_width=&#8221;stretch_row&#8221; kd_background_image_position=&#8221;vc_row-bg-position-top&#8221; css=&#8221;.vc_custom_1706013630583{padding-bottom: 100px !important;}&#8221;][vc_column css=&#8221;.vc_custom_1516008233239{padding-right: 0px !important;padding-left: 0px !important;}&#8221;]<header class=\"kd-section-title col-lg-12 text-center solid-line sep-border-width-2 120px subtitle-below-title kd-animated fadeIn   vc_custom_1707397216808\" data-animation-delay=200><h2 class=\"separator_on\" >Wenn das mal keine Geburtstags\u00fcberraschung ist ...<\/h2><div class=\"kd-separator below_title\" style=\"width:120px;\"><div class=\"kd-separator-line\" ><\/div><\/div><h6 class=\"subtitle\" >Ob spannend, kulinarisch, gesellig oder alles gemeinsam \u2013 entdecke unsere kriminellen Geburtstagspartys f\u00fcr kleine und gro\u00dfe Gruppen!<\/h6><\/header>[vc_row_inner kd_background_image_position=&#8221;vc_row-bg-position-top&#8221; css=&#8221;.vc_custom_1598637848937{padding-bottom: 50px !important;}&#8221; css_tablet_portrait=&#8221;.vc_custom_1598637848938{padding-bottom: 0px !important;}&#8221; css_mobile=&#8221;.vc_custom_1598637848938{padding-bottom: 0px !important;}&#8221; css_tablet_landscape=&#8221;.vc_custom_1598637848937{padding-bottom: 0px !important;}&#8221;][vc_column_inner width=&#8221;1\/3&#8243; css=&#8221;.vc_custom_1598606290999{padding-right: 45px !important;}&#8221; css_tablet_portrait=&#8221;.vc_custom_1598606291000{padding-right: 15px !important;}&#8221; css_mobile=&#8221;.vc_custom_1598606291001{padding-right: 15px !important;}&#8221;]<div class=\"key-icon-box icon-default icon-top cont-center ib-no-effect     icon-no-background icon-no-border kd-animated fadeInUp\" style=\"background-color: transparent;\" ><div class=\"ib-wrapper\" style=\"padding-top:0px;padding-bottom:0px;padding-left:0px;padding-right:0px;\"><div class=\"ib-simple-icon-wrapper\" style=\"margin-bottom:30px;\"><i class=\"fas fa-users\" style=\"font-size: 45px;\"><\/i> <\/div><h5 class=\"service-heading\" >10 \u2013 250<\/h5><p >Personenanzahl<\/p><\/div><\/div>[\/vc_column_inner][vc_column_inner width=&#8221;1\/3&#8243; css=&#8221;.vc_custom_1598606352550{padding-right: 45px !important;}&#8221; css_tablet_portrait=&#8221;.vc_custom_1598606352551{padding-right: 15px !important;}&#8221; css_mobile=&#8221;.vc_custom_1598606352552{padding-right: 15px !important;}&#8221;]<div class=\"key-icon-box icon-default icon-top cont-center ib-no-effect     icon-no-background icon-no-border kd-animated fadeInUp\" style=\"background-color: transparent;\" data-animation-delay=200><div class=\"ib-wrapper\" style=\"padding-top:0px;padding-bottom:0px;padding-left:0px;padding-right:0px;\"><div class=\"ib-simple-icon-wrapper\" style=\"margin-bottom:30px;\"><i class=\"fas fa-map-marker-alt\" style=\"font-size: 45px;\"><\/i> <\/div><h5 class=\"service-heading\" >Deutschlandweit<\/h5><p >Standort<\/p><\/div><\/div>[\/vc_column_inner][vc_column_inner width=&#8221;1\/3&#8243; css=&#8221;.vc_custom_1598606358683{padding-right: 45px !important;}&#8221; css_tablet_portrait=&#8221;.vc_custom_1598606358684{padding-right: 15px !important;}&#8221; css_mobile=&#8221;.vc_custom_1598606358684{padding-right: 15px !important;}&#8221;]<div class=\"key-icon-box icon-default icon-top cont-center ib-no-effect     icon-no-background icon-no-border kd-animated fadeInUp\" style=\"background-color: transparent;\" data-animation-delay=400><div class=\"ib-wrapper\" style=\"padding-top:0px;padding-bottom:0px;padding-left:0px;padding-right:0px;\"><div class=\"ib-simple-icon-wrapper\" style=\"margin-bottom:30px;\"><i class=\"fas fa-clock\" style=\"font-size: 45px;\"><\/i> <\/div><h5 class=\"service-heading\" >Abendf\u00fcllende Veranstaltung<\/h5><p >Dauer<\/p><\/div><\/div>[\/vc_column_inner][\/vc_row_inner][\/vc_column][\/vc_row][vc_row full_width=&#8221;stretch_row&#8221; parallax=&#8221;content-moving&#8221; parallax_speed_bg=&#8221;1.3&#8243; kd_background_image_position=&#8221;vc_row-bg-position-top&#8221; kd_image_overlay_color=&#8221;rgba(3,15,39,0.35)&#8221; kd_fixed_background=&#8221;true&#8221; kd_image_overlay=&#8221;true&#8221; css=&#8221;.vc_custom_1709653018852{padding-top: 100px !important;padding-bottom: 200px !important;background-image: url(https:\/\/www.krimitotal.de\/events\/wp-content\/uploads\/2024\/03\/krimitotal-events-geburtstag-04-scaled.jpg?id=12574) !important;}&#8221; css_tablet_portrait=&#8221;.vc_custom_1709653018852{padding-top: 150px !important;padding-bottom: 150px !important;}&#8221; css_mobile=&#8221;.vc_custom_1709653018853{padding-top: 150px !important;padding-bottom: 150px !important;}&#8221; css_tablet_landscape=&#8221;.vc_custom_1709653018852{padding-bottom: 120px !important;}&#8221;][vc_column css=&#8221;.vc_custom_1516115464846{padding-left: 0px !important;}&#8221;]<header class=\"kd-section-title col-lg-12 text-center  subtitle-above-title   \" ><h6 class=\"subtitle\" style=\"color: #e01010;\">Sich unterhalten lassen oder selbst aktiv werden?!<\/h6><h2 class=\"separator_off\" style=\"color: #ffffff;\">Die Qual der Wahl<\/h2><\/header>[\/vc_column][\/vc_row][vc_row kd_background_image_position=&#8221;vc_row-bg-position-top&#8221; css=&#8221;.vc_custom_1597999860805{margin-bottom: 0px !important;}&#8221;][vc_column width=&#8221;1\/3&#8243; css=&#8221;.vc_custom_1704297181738{margin-top: -142px !important;}&#8221;]<div class=\"cb-container  content-center  disable-box-shadow kd-animated fadeInUp\" ><div class=\"cb-wrapper\" style=\"background-color: #fff;\"><div class=\"cb-img-area\"><i class=\"fas fa-utensils\" style=\" \"><\/i> <\/div><div class=\"cb-text-area\">\n                      <h4 class=\"cb-heading\" >KRIMI total DINNER<\/h4><p >Kriminelle Unterhaltung<\/p><a class=\"cb-simple-link\" href=\"https:\/\/www.krimitotal.de\/events\/dinner\/\" target=\"_self\" >Mehr erfahren<\/a><\/div><\/div><\/div>[\/vc_column][vc_column width=&#8221;1\/3&#8243; css=&#8221;.vc_custom_1769435681339{margin-top: -142px !important;}&#8221; css_tablet_landscape=&#8221;.vc_custom_1769435681340{margin-top: 50px !important;}&#8221; css_tablet_portrait=&#8221;.vc_custom_1769435681340{margin-top: 50px !important;}&#8221; css_mobile=&#8221;.vc_custom_1769435681340{margin-top: 20px !important;}&#8221;]<div class=\"cb-container  content-center  disable-box-shadow kd-animated fadeInUp\" ><div class=\"cb-wrapper\" style=\"background-color: #fff;\"><div class=\"cb-img-area\"><i class=\"fas fa-users\" style=\" \"><\/i> <\/div><div class=\"cb-text-area\">\n                      <h4 class=\"cb-heading\" >KRIMI total TATORT<\/h4><p >Selbst zum Ermittler werden<\/p><a class=\"cb-simple-link\" href=\"https:\/\/www.krimitotal.de\/events\/tatort\/\" target=\"_self\" >Mehr erfahren<\/a><\/div><\/div><\/div>[\/vc_column][vc_column width=&#8221;1\/3&#8243; css=&#8221;.vc_custom_1769435668597{margin-top: -142px !important;}&#8221; css_mobile=&#8221;.vc_custom_1769435668598{margin-top: 20px !important;}&#8221;]<div class=\"cb-container  content-center  disable-box-shadow kd-animated fadeInUp\" ><div class=\"cb-wrapper\" style=\"background-color: #fff;\"><div class=\"cb-img-area\"><i class=\"fas fa-chess\" style=\" \"><\/i> <\/div><div class=\"cb-text-area\">\n                      <h4 class=\"cb-heading\" >KRIMI total AKTIV<\/h4><p >F\u00fcr kleine Gruppen<\/p><a class=\"cb-simple-link\" href=\"https:\/\/www.krimitotal.de\/events\/aktiv\/\" target=\"_self\" >Mehr erfahren<\/a><\/div><\/div><\/div>[\/vc_column][\/vc_row][vc_row kd_background_image_position=&#8221;vc_row-bg-position-top&#8221; css=&#8221;.vc_custom_1704377101887{padding-top: 20px !important;padding-bottom: 100px !important;}&#8221;][vc_column]<header class=\"kd-section-title col-lg-12 text-center  subtitle-below-title    vc_custom_1706103447730\" ><h2 class=\"separator_off\" >Eventfinder<\/h2><h6 class=\"subtitle\" >Welches Event passt am besten zu Dir?<\/h6><\/header>[\/vc_column][vc_column][vc_column_text]    <div class=\"kt-centered\">\n        F\u00fcllen Sie bitte das Formular mit den Eckdaten Ihrer Veranstaltung aus.\n        <br><br>\n        Unser Event-Finder schl\u00e4gt Ihnen dann das passende Event-Format vor, welches Sie direkt bei uns anfragen k\u00f6nnen.\n        <br><br>\n    <\/div>\n\n    <div class=\"wp-block-contact-form-7-contact-form-selector kt-form-container\">\n\n    \n\n    <form action=\"\/events\/event-finder\/\" method=\"post\" class=\"wpcf7-form init kt-full-w\" aria-label=\"request form\" novalidate=\"novalidate\" data-status=\"init\">\n    <input type=\"hidden\" name=\"act_id\" value=\"event_form\">\n\n    <div class=\"wpcf7 js\">\n\n\n    <label for=\"anlass\" class=\"field_label pflicht\">Was ist der Anlass Ihrer Veranstaltung?\n        <span class=\"wpcf7-form-control-wrap\" data-name=\"anlass\">\n        <select id=\"anlass\" name=\"anlass\" class=\"wpcf7-form-control wpcf7-select\" required>\n            <option value=\"\">-- bitte ausw\u00e4hlen --<\/option>\n            <option value=\"publicevent\" >\u00f6ffentliche Veranstaltung in Ihrem Haus<\/option>\n            <option value=\"firmenevent\" >Firmenveranstaltung<\/option>\n            <option value=\"weihnachtsfeier\" >Weihnachtsfeier<\/option>\n            <option value=\"teamevent\" >Teamevent<\/option>\n            <option value=\"incentive\" >Incentive<\/option>\n            <option value=\"teambildung\" >Teambuilding<\/option>\n            <option value=\"praesentation\" >Firmen- \/ Produktpr\u00e4sentation<\/option>\n            <option value=\"rahmenprogramm\" >Rahmenprogramm f\u00fcr Tagung \/ Messe usw.<\/option>\n            <option value=\"geburtstagsfeier\" selected>Geburtstagsfeier<\/option>\n            <option value=\"hochzeit\" >Hochzeit<\/option>\n            <option value=\"anderes\" >anderer Anlass<\/option>\n        <\/select>\n        <\/span>\n    <\/label>\n\n\n\n    <label for=\"gaeste\" class=\"field_label pflicht\">Wie viele G\u00e4ste erwarten Sie?\n        <span class=\"wpcf7-form-control-wrap\" data-name=\"gaeste\">\n        <select id=\"gaeste\" name=\"gaeste\" class=\"wpcf7-form-control wpcf7-select\" required>\n            <option value=\"\">-- bitte ausw\u00e4hlen --<\/option>\n            <option value=\"10\" >ca. 10<\/option>\n            <option value=\"20\" >ca. 20<\/option>\n            <option value=\"30\" >ca. 30<\/option>\n            <option value=\"40\" >ca. 40<\/option>\n            <option value=\"50\" >ca. 50<\/option>\n            <option value=\"60\" >ca. 60<\/option>\n            <option value=\"70\" >ca. 70<\/option>\n            <option value=\"80\" >ca. 80<\/option>\n            <option value=\"90\" >ca. 90<\/option>\n            <option value=\"100\" >ca. 100<\/option>\n            <option value=\"110\" >ca. 110<\/option>\n            <option value=\"120\" >ca. 120<\/option>\n            <option value=\"130\" >ca. 130<\/option>\n            <option value=\"140\" >ca. 140<\/option>\n            <option value=\"150\" >ca. 150<\/option>\n            <option value=\"160\" >ca. 160<\/option>\n            <option value=\"170\" >ca. 170<\/option>\n            <option value=\"180\" >ca. 180<\/option>\n            <option value=\"190\" >ca. 190<\/option>\n            <option value=\"200\" >ca. 200<\/option>\n            <option value=\"250\" >mehr als 200<\/option>\n        <\/select>\n        <\/span>\n    <\/label>\n\n\n\n\n    <label for=\"catering\" class=\"field_label pflicht\">Welche kulinarische Umrahmung haben Sie geplant oder w\u00fcnschen Sie Vorschl\u00e4ge? <i class=\"fa fa-question-circle\" rel=\"tooltip\" title=\"\" . htmlentities(\"Diese Angabe dient uns dazu, das passende Konzept f\u00fcr Sie auszuw\u00e4hlen. Planen Sie ihr Catering selbst oder erfragen Sie von uns Vorschl\u00e4ge.\", ENT_QUOTES, \"utf-8\") . \"\"><\/i>\n        <span class=\"wpcf7-form-control-wrap\" data-name=\"gaeste\">\n        <select id=\"catering\" name=\"catering\" class=\"wpcf7-form-control wpcf7-select\" required>\n            <option value=\"\">-- bitte ausw\u00e4hlen --<\/option>\n            <option value=\"menue\" >Mehr-Gang-Men\u00fc<\/option>\n            <option value=\"buffet\" >Buffet<\/option>\n            <option value=\"ohne\" >ohne Catering<\/option>\n            <option value=\"empfehlung\" >Wir w\u00fcnschen eine Empfehlung.<\/option>  \n        <\/select>\n        <\/span>\n    <\/label>\n\n\n\n\n\n\n    <label for=\"catering\" class=\"field_label pflicht\">Welche Aktivit\u00e4ten Ihrer G\u00e4ste w\u00fcnschen Sie?\n        <span class=\"wpcf7-form-control-wrap\" data-name=\"gaeste\">\n        <select id=\"aktiv\" name=\"aktiv\" class=\"wpcf7-form-control wpcf7-select\" required>\n            <option value=\"\">-- bitte ausw\u00e4hlen --<\/option>\n            <option value=\"raetseln\" >Mitr\u00e4tseln<\/option>\n            <option value=\"gaesterollen\" >Kleine G\u00e4sterollen<\/option>\n            <option value=\"rollen\" >Selbst in die Rollen der Verd\u00e4chtigen schl\u00fcpfen<\/option>\n            <option value=\"empfehlung\" >Wir w\u00fcnschen eine Empfehlung.<\/option>\n        <\/select>\n        <\/span>\n    <\/label>\n\n\n    <input class=\"wpcf7-form-control wpcf7-submit has-spinner\" type=\"submit\" value=\"Abschicken...\">\n    <\/div>\n    <\/form>\n\n    <\/div>\n    <br>\n[\/vc_column_text][\/vc_column][\/vc_row][vc_row full_width=&#8221;stretch_row&#8221; kd_background_image_position=&#8221;vc_row-bg-position-top&#8221; css=&#8221;.vc_custom_1709653150043{padding-top: 300px !important;padding-bottom: 300px !important;background-image: url(https:\/\/www.krimitotal.de\/events\/wp-content\/uploads\/2024\/03\/krimitotal-events-geburtstag-05.jpg?id=12576) !important;}&#8221;][vc_column css=&#8221;.vc_custom_1516026285495{padding-right: 0px !important;padding-left: 0px !important;}&#8221;][vc_row_inner kd_background_image_position=&#8221;vc_row-bg-position-top&#8221; kd_background_overlay=&#8221;true&#8221; css_tablet_portrait=&#8221;.vc_custom_1706017378556{margin-top: 0px !important;margin-right: 0px !important;margin-bottom: 0px !important;margin-left: 0px !important;padding-top: 0px !important;padding-right: 0px !important;padding-bottom: 0px !important;padding-left: 0px !important;background-color: #ffffff !important;border-radius: 0px !important;}&#8221; css_mobile=&#8221;.vc_custom_1706017378556{margin-top: 0px !important;margin-right: 0px !important;margin-bottom: 0px !important;margin-left: 0px !important;padding-top: 0px !important;padding-right: 0px !important;padding-bottom: 0px !important;padding-left: 0px !important;background-color: #ffffff !important;border-radius: 0px !important;}&#8221; css_tablet_landscape=&#8221;.vc_custom_1706017378555{margin-top: 0px !important;margin-right: 0px !important;margin-bottom: 0px !important;margin-left: 0px !important;padding-top: 0px !important;padding-right: 0px !important;padding-bottom: 0px !important;padding-left: 0px !important;background-color: #ffffff !important;}&#8221;][vc_column_inner][\/vc_column_inner][\/vc_row_inner][\/vc_column][\/vc_row][vc_row kd_background_image_position=&#8221;vc_row-bg-position-top&#8221;][vc_column][vc_empty_space height=&#8221;70px&#8221;]<header class=\"kd-section-title col-lg-12 text-center  subtitle-below-title   \" ><h2 class=\"separator_off\" >Geburtstag auf Bew\u00e4hrung: erlebt Mordsspa\u00df mit Krimi total<\/h2><\/header>[\/vc_column][\/vc_row][vc_row full_width=&#8221;stretch_row&#8221; kd_background_image_position=&#8221;vc_row-bg-position-top&#8221; css=&#8221;.vc_custom_1707405655080{padding-top: 30px !important;}&#8221;][vc_column]<header class=\"kd-section-title col-lg-12 text-center  subtitle-below-title    vc_custom_1707406085922\" ><h6 class=\"subtitle\" >Euer Geburtstag wird unvergesslich. Fragt uns an und wir kommen mit KRIMI total zu euch \u2013 deutschlandweit.<\/h6><\/header><a  href=\"https:\/\/www.krimitotal.de\/events\/kontakt\/\"  target=\"_self\"  title=\"Kontakt\"  class=\"tt_button tt_primary_button btn_primary_color  button-center button-action-link\" ><span class=\"prim_text\">Kontakt<\/span><\/a>[\/vc_column][\/vc_row][vc_row kd_background_image_position=&#8221;vc_row-bg-position-top&#8221;][vc_column][vc_empty_space height=&#8221;70px&#8221;][\/vc_column][\/vc_row]<\/p>\n<\/div>","protected":false},"excerpt":{"rendered":"<p>[vc_row full_width=&#8221;stretch_row&#8221; kd_background_image_position=&#8221;vc_row-bg-position-top&#8221; css=&#8221;.vc_custom_1709652611104{padding-top: 150px !important;padding-bottom: 100px !important;background-image: url(https:\/\/www.krimitotal.de\/events\/wp-content\/uploads\/2024\/03\/krimitotal-events-geburtstag.jpg?id=12569) !important;background-position: center !important;background-repeat: no-repeat !important;background-size: cover !important;}&#8221; css_tablet_portrait=&#8221;.vc_custom_1709652611104{padding-top: 150px !important;padding-bottom: 150px [&hellip;]<\/p>\n","protected":false},"author":2,"featured_media":0,"parent":0,"menu_order":0,"comment_status":"closed","ping_status":"closed","template":"","meta":{"footnotes":""},"class_list":["post-10740","page","type-page","status-publish","hentry"],"_links":{"self":[{"href":"https:\/\/www.krimitotal.de\/events\/wp-json\/wp\/v2\/pages\/10740","targetHints":{"allow":["GET"]}}],"collection":[{"href":"https:\/\/www.krimitotal.de\/events\/wp-json\/wp\/v2\/pages"}],"about":[{"href":"https:\/\/www.krimitotal.de\/events\/wp-json\/wp\/v2\/types\/page"}],"author":[{"embeddable":true,"href":"https:\/\/www.krimitotal.de\/events\/wp-json\/wp\/v2\/users\/2"}],"replies":[{"embeddable":true,"href":"https:\/\/www.krimitotal.de\/events\/wp-json\/wp\/v2\/comments?post=10740"}],"version-history":[{"count":7,"href":"https:\/\/www.krimitotal.de\/events\/wp-json\/wp\/v2\/pages\/10740\/revisions"}],"predecessor-version":[{"id":13542,"href":"https:\/\/www.krimitotal.de\/events\/wp-json\/wp\/v2\/pages\/10740\/revisions\/13542"}],"wp:attachment":[{"href":"https:\/\/www.krimitotal.de\/events\/wp-json\/wp\/v2\/media?parent=10740"}],"curies":[{"name":"wp","href":"https:\/\/api.w.org\/{rel}","templated":true}]}}