{"id":11493,"date":"2024-01-31T13:57:30","date_gmt":"2024-01-31T12:57:30","guid":{"rendered":"https:\/\/events.krimitotal.de\/?page_id=11493"},"modified":"2024-03-05T17:14:53","modified_gmt":"2024-03-05T16:14:53","slug":"referenzen","status":"publish","type":"page","link":"https:\/\/www.krimitotal.de\/events\/referenzen\/","title":{"rendered":"Referenzen"},"content":{"rendered":"<div class=\"wpb-content-wrapper\"><p>[vc_row full_width=&#8221;stretch_row&#8221; kd_background_image_position=&#8221;vc_row-bg-position-top&#8221; css=&#8221;.vc_custom_1709557069849{padding-top: 310px !important;padding-bottom: 450px !important;background-image: url(https:\/\/www.krimitotal.de\/events\/wp-content\/uploads\/2024\/03\/krimitotal-events-referenzen.jpg?id=12405) !important;background-position: center !important;background-repeat: no-repeat !important;background-size: cover !important;}&#8221; css_tablet_portrait=&#8221;.vc_custom_1709557069849{padding-top: 150px !important;padding-bottom: 150px !important;}&#8221; css_mobile=&#8221;.vc_custom_1709557069849{padding-top: 150px !important;padding-bottom: 150px !important;}&#8221;][vc_column css=&#8221;.vc_custom_1516115464846{padding-left: 0px !important;}&#8221;][\/vc_column][\/vc_row][vc_row full_width=&#8221;stretch_row_content_no_spaces&#8221; kd_background_image_position=&#8221;vc_row-bg-position-top&#8221; css_tablet_portrait=&#8221;.vc_custom_1704979350022{margin-top: 0px !important;}&#8221; css_mobile=&#8221;.vc_custom_1704979350022{margin-top: 0px !important;}&#8221;][vc_column css=&#8221;.vc_custom_1597665991208{padding-right: 0px !important;padding-left: 0px !important;}&#8221;][vc_row_inner full_width=&#8221;inner_row_contained&#8221; kd_background_image_position=&#8221;vc_row-bg-position-top&#8221; css=&#8221;.vc_custom_1704979659016{padding-top: 100px !important;padding-bottom: 130px !important;}&#8221; css_tablet_portrait=&#8221;.vc_custom_1704979659016{margin-right: 0px !important;margin-bottom: 0px !important;margin-left: 0px !important;padding-top: 100px !important;padding-bottom: 100px !important;border-radius: 0px !important;}&#8221; css_mobile=&#8221;.vc_custom_1704979659016{margin-right: 0px !important;margin-left: 0px !important;padding-top: 100px !important;padding-bottom: 0px !important;background-image: url(https:\/\/www.swaytheme.com\/auto-service\/wp-content\/uploads\/sites\/37\/2020\/09\/auto-shapes.png?id=8717) !important;border-radius: 0px !important;}&#8221; css_tablet_landscape=&#8221;.vc_custom_1704979659016{margin-right: 0px !important;margin-left: 0px !important;padding-top: 100px !important;padding-bottom: 0px !important;border-radius: 0px !important;}&#8221;][vc_column_inner width=&#8221;1\/2&#8243; css=&#8221;.vc_custom_1704970829748{padding-top: 0px !important;}&#8221;]<div class=\"kd-photo-group group-layout-right-left large-shadow enable-parallax\">\n                <div class=\"kd-group-image first-image-wrapper\"><div class=\"kd-group-image-animation kd-animated fadeInDown\" data-animation-delay=200><img loading=\"lazy\" decoding=\"async\" width=\"370\" height=\"420\" src=\"https:\/\/www.krimitotal.de\/events\/wp-content\/uploads\/2024\/03\/krimitotal-events-referenzen-03.jpg\" class=\"attachment-full\" alt=\"Kanapees auf einem Holzbrettchen angerichtet\" title=\"Delikate Kanapees auf einer KRIMI total Veranstaltung\" srcset=\"https:\/\/www.krimitotal.de\/events\/wp-content\/uploads\/2024\/03\/krimitotal-events-referenzen-03.jpg 370w, https:\/\/www.krimitotal.de\/events\/wp-content\/uploads\/2024\/03\/krimitotal-events-referenzen-03-264x300.jpg 264w\" sizes=\"auto, (max-width: 370px) 100vw, 370px\" \/><\/div><\/div>\n                <div class=\"kd-group-image second-image-wrapper\" style=\"bottom: 0px;\"><div class=\"kd-group-image-animation kd-animated fadeInUp\" data-animation-delay=200><img loading=\"lazy\" decoding=\"async\" width=\"370\" height=\"390\" src=\"https:\/\/www.krimitotal.de\/events\/wp-content\/uploads\/2024\/03\/krimitotal-events-referenzen-02.jpg\" class=\"attachment-full\" alt=\"Zwei Schauspieler, die sich erfreut anschauen und sich beieinander einhaken\" title=\"KRIMI total Schauspieler\" srcset=\"https:\/\/www.krimitotal.de\/events\/wp-content\/uploads\/2024\/03\/krimitotal-events-referenzen-02.jpg 370w, https:\/\/www.krimitotal.de\/events\/wp-content\/uploads\/2024\/03\/krimitotal-events-referenzen-02-285x300.jpg 285w\" sizes=\"auto, (max-width: 370px) 100vw, 370px\" \/><\/div><\/div>\n            <\/div>[\/vc_column_inner][vc_column_inner width=&#8221;1\/2&#8243; css=&#8221;.vc_custom_1706711120518{padding-right: 20px !important;padding-left: 115px !important;}&#8221;]<header class=\"kd-section-title col-lg-12 text-left  subtitle-below-title kd-animated fadeIn   vc_custom_1706712653281\" data-animation-delay=200><h2 class=\"separator_off\" style=\"margin-bottom:30px;\">Referenzen\/Kundenstimmen<\/h2><\/header>[vc_column_text]Weit \u00fcber 500 namhafte Firmen haben bereits unsere KRIMI total Events exklusiv erlebt. Zahlreiche weitere Firmen waren G\u00e4ste unserer \u00f6ffentlichen &#8220;KRIMI total DINNER&#8221;-Veranstaltungen. Hier finden Sie eine Auswahl unserer Referenzen.[\/vc_column_text][\/vc_column_inner][\/vc_row_inner][\/vc_column][\/vc_row][vc_row full_width=&#8221;stretch_row&#8221; kd_background_image_position=&#8221;vc_row-bg-position-top&#8221; kd_bottom_separator_style=&#8221;rounded-down&#8221; kd_bottom_separator_height=&#8221;separator-height-medium&#8221; kd_fixed_background=&#8221;true&#8221; kd_bottom_separator=&#8221;true&#8221; css=&#8221;.vc_custom_1709557625654{padding-top: 280px !important;padding-bottom: -50px !important;background-image: url(https:\/\/www.krimitotal.de\/events\/wp-content\/uploads\/2024\/03\/krimitotal-events-referenzen-04-scaled.jpg?id=12410) !important;background-position: center !important;background-repeat: no-repeat !important;background-size: cover !important;}&#8221; css_tablet_portrait=&#8221;.vc_custom_1709557625654{margin-bottom: 50px !important;padding-top: 150px !important;padding-bottom: 150px !important;}&#8221; css_mobile=&#8221;.vc_custom_1709557625654{margin-bottom: 50px !important;padding-top: 150px !important;padding-bottom: 150px !important;}&#8221; kd_bottom_separator_bg=&#8221;#ffffff&#8221; css_tablet_landscape=&#8221;.vc_custom_1709557625654{margin-bottom: 50px !important;padding-top: 200px !important;padding-bottom: 180px !important;}&#8221;][vc_column css=&#8221;.vc_custom_1602756405265{padding-right: 0px !important;padding-left: 0px !important;}&#8221;][vc_row_inner kd_background_image_position=&#8221;vc_row-bg-position-top&#8221;][vc_column_inner el_class=&#8221;with-grey-shadow overflow-hidden&#8221; css=&#8221;.vc_custom_1706711953041{padding-top: 50px !important;padding-right: 100px !important;padding-bottom: 20px !important;padding-left: 100px !important;background-color: #ffffff !important;border-radius: 10px !important;}&#8221;]<header class=\"kd-section-title col-lg-12 text-center  subtitle-below-title    vc_custom_1706712543873\" ><h2 class=\"separator_off\" style=\"color: #e01010;\">Unsere Kunden (Auswahl)<\/h2><\/header>[vc_column_text css=&#8221;.vc_custom_1707399910318{background-color: #ffffff !important;}&#8221;]<\/p>\n<h3><strong>IKEA \u2022 Porsche \u2022 BMW \u2022 DB Regio \u2022 Polizei NRW \u2022 T\u00dcV \u2022 DEKRA \u2022 Sparkasse \u2022 DKB \u2013 Deutsche Kreditbank \u2022 Deutsche Telekom \u2022 Deutsche Post \u2022 Bundeswehr \u2022 Kaufland \u2022 REWE \u2022 Saturn \u2022 Hornbach \u2022 KOMSA Systems GmbH \u2022 TU Bergakademie Freiberg \u2022 Vattenfall \u2022 Claas Wellendorff Gold-Creationen GmbH &amp; Co. KG \u2022 SCHOTT AG \u2022 Rotk\u00e4ppchen Sektkellerei \u2022 TOP Magazin \u2022 nicko cruises \u2022<\/strong><\/h3>\n<p>Gunnebo Markersdorf GmbH \u2022 CREDOPARD GmbH \u2022 Betonwerk Schuster GmbH \u2022 Landb\u00e4ckerei Schiebel \u2022 Capio Klinik \u2022 alsterarbeit gGmbH \u2022 Klinikum Pirna \u2022 Haema AG \u2022 Berndt Bio Energy GmbH \u2022 SOWAG Zittau \u2022 Unisys Deutschland GmbH \u2022 APROVIS Energy Systems GmbH \u2022 Westinghouse Electric Germany GmbH \u2022 Leipziger Servicebetriebe \u2022 IHK Dresden \u2022 Handwerkskammer Chemnitz \u2022 Berufsbildungswerk Sachsen \u2022 Wohnungsbaugenossenschaft Union eG \u2022 Steyer Textilservice GmbH \u2022 Landesgartenschau L\u00f6bau gGmbH \u2022 Rembrandtin Power Coating GmbH \u2022 Creavac Creative Vakuumbeschichtung GmbH \u2022 DAGRO Eissmann Automotive GmbH \u2022 Sch\u00e4dlingsbek\u00e4mpferverband Sachsen e. V. \u2022 Sachsengarage GmbH \u2022 und viele andere mehr \u2026[\/vc_column_text][\/vc_column_inner][\/vc_row_inner][\/vc_column][\/vc_row][vc_row kd_background_image_position=&#8221;vc_row-bg-position-top&#8221; css=&#8221;.vc_custom_1707400089298{padding-bottom: 100px !important;}&#8221;][vc_column]<header class=\"kd-section-title col-lg-12 text-center  subtitle-below-title    vc_custom_1707400036176\" ><h2 class=\"separator_off\" >\u00dcberzeugen Sie sich selbst und werden auch Sie begeisterter Kunde!<\/h2><\/header><a  href=\"https:\/\/www.krimitotal.de\/events\/kontakt\/\"  target=\"_self\"  title=\"Kontakt\"  class=\"tt_button tt_primary_button btn_primary_color  button-center button-action-link\" ><span class=\"prim_text\">Kontakt<\/span><\/a>[\/vc_column][\/vc_row][vc_row full_width=&#8221;stretch_row_content_no_spaces&#8221; kd_background_image_position=&#8221;vc_row-bg-position-top&#8221;][vc_column][vc_row_inner full_width=&#8221;inner_row_contained&#8221; kd_background_image_position=&#8221;vc_row-bg-position-top&#8221; kd_fixed_background=&#8221;true&#8221; css=&#8221;.vc_custom_1709557805830{padding-top: 100px !important;padding-bottom: 100px !important;background: #000000 url(https:\/\/www.krimitotal.de\/events\/wp-content\/uploads\/2024\/03\/krimitotal-events-referenzen-05.jpg?id=12412) !important;background-position: center !important;background-repeat: no-repeat !important;background-size: cover !important;}&#8221; css_tablet_landscape=&#8221;.vc_custom_1709557805831{margin-right: 0px !important;margin-left: 0px !important;}&#8221; css_tablet_portrait=&#8221;.vc_custom_1709557805832{margin-right: 0px !important;margin-left: 0px !important;}&#8221; css_mobile=&#8221;.vc_custom_1709557805833{margin-right: 0px !important;margin-left: 0px !important;}&#8221;][vc_column_inner]<div class=\"slider testimonials white-navigation kd-testimonial-69dc89c6cc287 loop_on  without-image kd-animated fadeInUp\" data-animation-delay=200><div class=\"tt-content \">\n              <div class=\"tt-content-inner\"><div class=\"tt-image\"><img loading=\"lazy\" decoding=\"async\" width=\"370\" height=\"420\" src=\"https:\/\/www.krimitotal.de\/events\/wp-content\/uploads\/2024\/03\/krimitotal-events-referenzen-06.jpg\" class=\"attachment-full\" alt=\"Closeup von drei Kerzen und verschwommenen Lichtern im Hintergrund\" title=\"Eine KRIMI total Kundenstimme\" srcset=\"https:\/\/www.krimitotal.de\/events\/wp-content\/uploads\/2024\/03\/krimitotal-events-referenzen-06.jpg 370w, https:\/\/www.krimitotal.de\/events\/wp-content\/uploads\/2024\/03\/krimitotal-events-referenzen-06-264x300.jpg 264w\" sizes=\"auto, (max-width: 370px) 100vw, 370px\" \/><\/div><div class=\"tt-container\" ><h6 style=\"font-size:40;color:#ffffff;\">\u201eZwei Morde und sehr viel zu lachen ... die Dinnerg\u00e4ste am\u00fcsierten sich pr\u00e4chtig.\u201c<\/h6><span class=\"author\" style=\"color: #ffffff;\"><span class=\"author-name\">Peiner Allgemeine<\/span><span class=\"content\" style=\"color: #ffffff;\"><\/span>\n                    <\/span>\n                <\/div><\/div>\n            <\/div><div class=\"tt-content \">\n              <div class=\"tt-content-inner\"><div class=\"tt-image\"><img loading=\"lazy\" decoding=\"async\" width=\"370\" height=\"420\" src=\"https:\/\/www.krimitotal.de\/events\/wp-content\/uploads\/2024\/03\/krimitotal-events-referenzen-06.jpg\" class=\"attachment-full\" alt=\"Closeup von drei Kerzen und verschwommenen Lichtern im Hintergrund\" title=\"Eine KRIMI total Kundenstimme\" srcset=\"https:\/\/www.krimitotal.de\/events\/wp-content\/uploads\/2024\/03\/krimitotal-events-referenzen-06.jpg 370w, https:\/\/www.krimitotal.de\/events\/wp-content\/uploads\/2024\/03\/krimitotal-events-referenzen-06-264x300.jpg 264w\" sizes=\"auto, (max-width: 370px) 100vw, 370px\" \/><\/div><div class=\"tt-container\" ><h6 style=\"font-size:40;color:#ffffff;\">\u201eDas war ein wirklich spannender, lustiger und unterhaltsamer Abend! Das R\u00e4tseln in netter Runde und super Ambiente hat einfach Spa\u00df gemacht. Wir waren nicht das Letzte Mal dabei ... beide Daumen hoch!\u201c<\/h6><span class=\"author\" style=\"color: #ffffff;\"><span class=\"author-name\">Bode<\/span><span class=\"content\" style=\"color: #ffffff;\">aus Braunschweig<\/span>\n                    <\/span>\n                <\/div><\/div>\n            <\/div><div class=\"tt-content \">\n              <div class=\"tt-content-inner\"><div class=\"tt-image\"><img loading=\"lazy\" decoding=\"async\" width=\"370\" height=\"420\" src=\"https:\/\/www.krimitotal.de\/events\/wp-content\/uploads\/2024\/03\/krimitotal-events-referenzen-06.jpg\" class=\"attachment-full\" alt=\"Closeup von drei Kerzen und verschwommenen Lichtern im Hintergrund\" title=\"Eine KRIMI total Kundenstimme\" srcset=\"https:\/\/www.krimitotal.de\/events\/wp-content\/uploads\/2024\/03\/krimitotal-events-referenzen-06.jpg 370w, https:\/\/www.krimitotal.de\/events\/wp-content\/uploads\/2024\/03\/krimitotal-events-referenzen-06-264x300.jpg 264w\" sizes=\"auto, (max-width: 370px) 100vw, 370px\" \/><\/div><div class=\"tt-container\" ><h6 style=\"font-size:40;color:#ffffff;\">\u201eZusammen mit Kommissar Fischer gehen die G\u00e4ste auf die Suche nach dem M\u00f6rder. F\u00fcnf h\u00f6chst unterhaltsame Akte lang. Es ist ein Genuss auf verschiedenen Ebenen.\u201c<\/h6><span class=\"author\" style=\"color: #ffffff;\"><span class=\"author-name\">Leipziger Volkszeitung<\/span><span class=\"content\" style=\"color: #ffffff;\"><\/span>\n                    <\/span>\n                <\/div><\/div>\n            <\/div><div class=\"tt-content \">\n              <div class=\"tt-content-inner\"><div class=\"tt-image\"><img loading=\"lazy\" decoding=\"async\" width=\"370\" height=\"420\" src=\"https:\/\/www.krimitotal.de\/events\/wp-content\/uploads\/2024\/03\/krimitotal-events-referenzen-06.jpg\" class=\"attachment-full\" alt=\"Closeup von drei Kerzen und verschwommenen Lichtern im Hintergrund\" title=\"Eine KRIMI total Kundenstimme\" srcset=\"https:\/\/www.krimitotal.de\/events\/wp-content\/uploads\/2024\/03\/krimitotal-events-referenzen-06.jpg 370w, https:\/\/www.krimitotal.de\/events\/wp-content\/uploads\/2024\/03\/krimitotal-events-referenzen-06-264x300.jpg 264w\" sizes=\"auto, (max-width: 370px) 100vw, 370px\" \/><\/div><div class=\"tt-container\" ><h6 style=\"font-size:40;color:#ffffff;\">\u201eWir m\u00f6chten ein gro\u00dfes Lob aussprechen. Unsere Erwartungen wurden total \u00fcbertroffen. Ich empfehle es jedem weiter. Es war ein wundervoller Abend. Vielen vielen Dank f\u00fcr den tollen Abend an unserem Hochzeitstag\u201c<\/h6><span class=\"author\" style=\"color: #ffffff;\"><span class=\"author-name\">Nicole B. aus Lindhorst<\/span><span class=\"content\" style=\"color: #ffffff;\"><\/span>\n                    <\/span>\n                <\/div><\/div>\n            <\/div><div class=\"tt-content \">\n              <div class=\"tt-content-inner\"><div class=\"tt-image\"><img loading=\"lazy\" decoding=\"async\" width=\"370\" height=\"420\" src=\"https:\/\/www.krimitotal.de\/events\/wp-content\/uploads\/2024\/03\/krimitotal-events-referenzen-06.jpg\" class=\"attachment-full\" alt=\"Closeup von drei Kerzen und verschwommenen Lichtern im Hintergrund\" title=\"Eine KRIMI total Kundenstimme\" srcset=\"https:\/\/www.krimitotal.de\/events\/wp-content\/uploads\/2024\/03\/krimitotal-events-referenzen-06.jpg 370w, https:\/\/www.krimitotal.de\/events\/wp-content\/uploads\/2024\/03\/krimitotal-events-referenzen-06-264x300.jpg 264w\" sizes=\"auto, (max-width: 370px) 100vw, 370px\" \/><\/div><div class=\"tt-container\" ><h6 style=\"font-size:40;color:#ffffff;\">\u201eLiebes KRIMI total Team, tolle Schauspiele (jeder war in seiner Rolle super\/perfekte Besetzung), sehr gutes St\u00fcck und super Kost\u00fcme und Requisiten. Alles in allem eine sehr gelungene und runde Veranstaltung. Weiter so!\u201c<\/h6><span class=\"author\" style=\"color: #ffffff;\"><span class=\"author-name\">Andrea L. aus Hamminkeln<\/span><span class=\"content\" style=\"color: #ffffff;\"><\/span>\n                    <\/span>\n                <\/div><\/div>\n            <\/div><\/div><script>\n              jQuery(document).ready(function($){\n                if ($(\".slider.testimonials.kd-testimonial-69dc89c6cc287\").length) {\n                  $(\".slider.testimonials.kd-testimonial-69dc89c6cc287\").owlCarousel({\n                    stageClass: \"owl-wrapper\",\n                    stageOuterClass: \"owl-wrapper-outer\",\n                    loadedClass: \"owl-carousel\",\n                    responsive:{\n                        0:{\n                            dots: false,\n                            nav: true,\n                            navSpeed: 500,\n                        },\n                        1366:{nav: true,\n                              navSpeed: 500,\n                              dots: false,}\n                    },\n                    items: 1,loop: true, rewind: true,autoplay: true,autoplayTimeout: 10000,autoplayHoverPause: false,\n                  });\n                }\n              });\n            <\/script>[\/vc_column_inner][\/vc_row_inner][\/vc_column][\/vc_row]<\/p>\n<\/div>","protected":false},"excerpt":{"rendered":"<p>[vc_row full_width=&#8221;stretch_row&#8221; kd_background_image_position=&#8221;vc_row-bg-position-top&#8221; css=&#8221;.vc_custom_1709557069849{padding-top: 310px !important;padding-bottom: 450px !important;background-image: url(https:\/\/www.krimitotal.de\/events\/wp-content\/uploads\/2024\/03\/krimitotal-events-referenzen.jpg?id=12405) !important;background-position: center !important;background-repeat: no-repeat !important;background-size: cover !important;}&#8221; css_tablet_portrait=&#8221;.vc_custom_1709557069849{padding-top: 150px !important;padding-bottom: 150px [&hellip;]<\/p>\n","protected":false},"author":2,"featured_media":0,"parent":0,"menu_order":0,"comment_status":"closed","ping_status":"closed","template":"","meta":{"footnotes":""},"class_list":["post-11493","page","type-page","status-publish","hentry"],"_links":{"self":[{"href":"https:\/\/www.krimitotal.de\/events\/wp-json\/wp\/v2\/pages\/11493","targetHints":{"allow":["GET"]}}],"collection":[{"href":"https:\/\/www.krimitotal.de\/events\/wp-json\/wp\/v2\/pages"}],"about":[{"href":"https:\/\/www.krimitotal.de\/events\/wp-json\/wp\/v2\/types\/page"}],"author":[{"embeddable":true,"href":"https:\/\/www.krimitotal.de\/events\/wp-json\/wp\/v2\/users\/2"}],"replies":[{"embeddable":true,"href":"https:\/\/www.krimitotal.de\/events\/wp-json\/wp\/v2\/comments?post=11493"}],"version-history":[{"count":0,"href":"https:\/\/www.krimitotal.de\/events\/wp-json\/wp\/v2\/pages\/11493\/revisions"}],"wp:attachment":[{"href":"https:\/\/www.krimitotal.de\/events\/wp-json\/wp\/v2\/media?parent=11493"}],"curies":[{"name":"wp","href":"https:\/\/api.w.org\/{rel}","templated":true}]}}