{"id":11931,"date":"2024-02-07T14:45:52","date_gmt":"2024-02-07T13:45:52","guid":{"rendered":"https:\/\/events.krimitotal.de\/?page_id=11931"},"modified":"2026-01-26T14:37:35","modified_gmt":"2026-01-26T13:37:35","slug":"private-anlaesse","status":"publish","type":"page","link":"https:\/\/www.krimitotal.de\/events\/private-anlaesse\/","title":{"rendered":"Private Anl\u00e4sse"},"content":{"rendered":"<div class=\"wpb-content-wrapper\"><p>[vc_row full_width=&#8221;stretch_row&#8221; kd_background_image_position=&#8221;vc_row-bg-position-top&#8221; kd_bottom_separator_style=&#8221;waves&#8221; kd_bottom_separator_height=&#8221;separator-height-large&#8221; kd_bottom_separator=&#8221;true&#8221; css=&#8221;.vc_custom_1709812306991{padding-top: 450px !important;padding-bottom: 150px !important;background-image: url(https:\/\/www.krimitotal.de\/events\/wp-content\/uploads\/2024\/03\/krimitotal-events-anlaesse.jpg?id=12687) !important;background-position: center !important;background-repeat: no-repeat !important;background-size: cover !important;}&#8221; el_class=&#8221;intro-section&#8221; css_mobile=&#8221;.vc_custom_1709812306993{padding-top: 100px !important;padding-bottom: 150px !important;}&#8221; css_tablet_portrait=&#8221;.vc_custom_1709812306992{padding-top: 200px !important;padding-bottom: 250px !important;}&#8221;][vc_column][vc_row_inner kd_background_image_position=&#8221;vc_row-bg-position-top&#8221; css=&#8221;.vc_custom_1705414437776{padding-top: 50px !important;}&#8221;][vc_column_inner]<header class=\"kd-section-title col-lg-12 text-center  subtitle-below-title kd-animated fadeIn  \" data-animation-delay=200><h1 class=\"separator_off\" style=\"color: #ffffff;\">Private Anl\u00e4sse<\/h1><h3 class=\"subtitle\" style=\"color: #ffffff;\">Ermitteln. Erleben. Genie\u00dfen.<\/h3><\/header><div class=\"scroll-down-wrapper sd-align-center kd-animated fadeInUp\" data-animation-delay=200><a href=\"#first-section\" class=\"scroll-down-arrow btn-smooth-scroll\" style=\"background-color: #ffffff;\" aria-label=\"Scroll down\"><\/a><\/div>[\/vc_column_inner][\/vc_row_inner][\/vc_column][\/vc_row][vc_row full_width=&#8221;stretch_row_content_no_spaces&#8221; kd_background_image_position=&#8221;vc_row-bg-position-top&#8221; css=&#8221;.vc_custom_1705410807041{padding-top: 0px !important;padding-bottom: 50px !important;}&#8221;][vc_column][vc_row_inner kd_background_image_position=&#8221;vc_row-bg-position-top&#8221; css=&#8221;.vc_custom_1705932686747{padding-top: 50px !important;}&#8221; el_id=&#8221;first-section&#8221;][vc_column_inner]<header class=\"kd-section-title col-lg-12 text-center solid-line sep-border-width-2 120px subtitle-above-title    vc_custom_1707396971932\" ><h6 class=\"subtitle\" style=\"color: #e01010;\">VON HOCHZEITSTAG BIS JUBIL\u00c4UM<\/h6><h2 class=\"separator_on\" >Wir haben f\u00fcr jeden Anlass das passende Eventkonzept!<\/h2><div class=\"kd-separator below_title\" style=\"width:120px;\"><div class=\"kd-separator-line\" ><\/div><\/div><\/header>[\/vc_column_inner][\/vc_row_inner][vc_column_text css_animation=&#8221;fadeIn&#8221; css=&#8221;.vc_custom_1769434609125{padding-right: 20px !important;padding-left: 20px !important;}&#8221;]<\/p>\n<p style=\"text-align: center;\">Ob Geburtstag, Junggesellenabschied, Hochzeit, Silberhochzeit oder andere private Anl\u00e4sse \u2013 verd\u00e4chtig gut mit KRIMI total!<\/p>\n<p style=\"text-align: center;\">Egal f\u00fcr welches Event ihr euch entscheidet: Wir von KRIMI total machen euch ein Angebot, welches ihr nicht ablehnen k\u00f6nnt!<br \/>\nKontaktiert uns f\u00fcr eine unvergessliche Veranstaltung.<\/p>\n<p>[\/vc_column_text][\/vc_column][\/vc_row][vc_row full_width=&#8221;stretch_row&#8221; kd_background_image_position=&#8221;vc_row-bg-position-top&#8221; css=&#8221;.vc_custom_1707396991445{background-color: #303030 !important;}&#8221;][vc_column][vc_row_inner kd_background_image_position=&#8221;vc_row-bg-position-top&#8221; css=&#8221;.vc_custom_1598608475417{padding-top: 100px !important;padding-bottom: 100px !important;}&#8221;][vc_column_inner css=&#8221;.vc_custom_1598612741985{padding-right: 0px !important;padding-left: 0px !important;}&#8221;]\r\n                <div class=\"photobox-carousel pbc-parent pbc-contained-layout loop_on white-navigation kd-pbc-69dca21dd81d1 nav-arrows\">\r\n                    <div class=\"pbc-content\"><div class=\"kd-photobox kd-animated fadeInUp \" ><a href=\"https:\/\/www.krimitotal.de\/events\/hochzeit\/\"  title=\"Hochzeit\"><div class=\"photobox-img\"><img loading=\"lazy\" decoding=\"async\" width=\"400\" height=\"400\" src=\"https:\/\/www.krimitotal.de\/events\/wp-content\/uploads\/2024\/03\/krimitotal-events-anlaesse-02.jpg\" class=\"attachment-full\" alt=\"Closeup eines Hochzeitspaares, das die Hochzeitstorte anschneidet.\" title=\"Krimihochzeit\" srcset=\"https:\/\/www.krimitotal.de\/events\/wp-content\/uploads\/2024\/03\/krimitotal-events-anlaesse-02.jpg 400w, https:\/\/www.krimitotal.de\/events\/wp-content\/uploads\/2024\/03\/krimitotal-events-anlaesse-02-300x300.jpg 300w, https:\/\/www.krimitotal.de\/events\/wp-content\/uploads\/2024\/03\/krimitotal-events-anlaesse-02-150x150.jpg 150w, https:\/\/www.krimitotal.de\/events\/wp-content\/uploads\/2024\/03\/krimitotal-events-anlaesse-02-320x320.jpg 320w\" sizes=\"auto, (max-width: 400px) 100vw, 400px\" \/><\/div><div class=\"phb-content text-left \"><h5 style=\"color: #ffffff;\">Hochzeit<\/h5><\/div><\/a><\/div><div class=\"kd-photobox kd-animated fadeInUp \" data-animation-delay=200><a href=\"https:\/\/www.krimitotal.de\/events\/geburtstag\/\"  title=\"Geburtstagsfeier\"><div class=\"photobox-img\"><img loading=\"lazy\" decoding=\"async\" width=\"400\" height=\"400\" src=\"https:\/\/www.krimitotal.de\/events\/wp-content\/uploads\/2024\/03\/krimitotal-events-anlaesse-03.jpg\" class=\"attachment-full\" alt=\"Eine Gruppe ausgelassener Menschen, die mit Sekt ansto\u00dfen\" title=\"Geburtstagsfeier\" srcset=\"https:\/\/www.krimitotal.de\/events\/wp-content\/uploads\/2024\/03\/krimitotal-events-anlaesse-03.jpg 400w, https:\/\/www.krimitotal.de\/events\/wp-content\/uploads\/2024\/03\/krimitotal-events-anlaesse-03-300x300.jpg 300w, https:\/\/www.krimitotal.de\/events\/wp-content\/uploads\/2024\/03\/krimitotal-events-anlaesse-03-150x150.jpg 150w, https:\/\/www.krimitotal.de\/events\/wp-content\/uploads\/2024\/03\/krimitotal-events-anlaesse-03-320x320.jpg 320w\" sizes=\"auto, (max-width: 400px) 100vw, 400px\" \/><\/div><div class=\"phb-content text-left \"><h5 style=\"color: #ffffff;\">Geburtstagsfeier<\/h5><\/div><\/a><\/div><div class=\"kd-photobox kd-animated fadeInUp \" data-animation-delay=400><a href=\"https:\/\/www.krimitotal.de\/events\/junggesellenabschied\/\"  title=\"Junggesellenabschied\"><div class=\"photobox-img\"><img loading=\"lazy\" decoding=\"async\" width=\"400\" height=\"400\" src=\"https:\/\/www.krimitotal.de\/events\/wp-content\/uploads\/2024\/03\/krimitotal-events-anlaesse-04.jpg\" class=\"attachment-full\" alt=\"Foto von drei l\u00e4chelnden Frauen in einer Eventlocation, die Maske tragen und Sektgl\u00e4ser in der Hand halten\" title=\"Junggesellinnenabschied\" srcset=\"https:\/\/www.krimitotal.de\/events\/wp-content\/uploads\/2024\/03\/krimitotal-events-anlaesse-04.jpg 400w, https:\/\/www.krimitotal.de\/events\/wp-content\/uploads\/2024\/03\/krimitotal-events-anlaesse-04-300x300.jpg 300w, https:\/\/www.krimitotal.de\/events\/wp-content\/uploads\/2024\/03\/krimitotal-events-anlaesse-04-150x150.jpg 150w, https:\/\/www.krimitotal.de\/events\/wp-content\/uploads\/2024\/03\/krimitotal-events-anlaesse-04-320x320.jpg 320w\" sizes=\"auto, (max-width: 400px) 100vw, 400px\" \/><\/div><div class=\"phb-content text-left \"><h5 style=\"color: #ffffff;\">Junggesellenabschied<\/h5><\/div><\/a><\/div><\/div>\r\n                <\/div><script>\r\n          \t\t\t\tjQuery(document).ready(function($){\r\n                    if ($(\".photobox-carousel.kd-pbc-69dca21dd81d1 .pbc-content\").length) {\r\n                      $(\".photobox-carousel.kd-pbc-69dca21dd81d1 .pbc-content\").owlCarousel({\r\n                          stageClass: \"owl-wrapper\",\r\n                          stageOuterClass: \"owl-wrapper-outer\",\r\n                          loadedClass: \"owl-carousel\",\r\n                          responsive:{\r\n                              0:{\r\n                                  items:1,\r\n                                  dots: false,\r\n                                  nav: true,\r\n                                  navSpeed: 500,\r\n                              },\r\n                              768:{\r\n                                  items:2,\r\n                                  dots: false,\r\n                                  nav: true,\r\n                                  navSpeed: 500,\r\n                              },\r\n                              1199:{items:3,dots: false,\r\n                              nav: true,\r\n                              navSpeed: 500,\r\n                              },\r\n                              1366:{items:3,\nnav: true,\r\n                                      navSpeed: 500,\r\n                                      dots: false,}\r\n                          },\r\n                          checkVisible: false,\nloop: true,\nautoplay: false,\nautoplayHoverPause: false,addClassActive: true,\r\n                      });\r\n                    }\r\n          \t\t\t\t});\r\n          \t\t\t<\/script>[\/vc_column_inner][\/vc_row_inner][\/vc_column][\/vc_row][vc_row full_width=&#8221;stretch_row&#8221; kd_background_image_position=&#8221;vc_row-bg-position-top&#8221; css=&#8221;.vc_custom_1705932958427{padding-top: 100px !important;padding-bottom: 100px !important;}&#8221; el_class=&#8221;boxed-column&#8221;][vc_column][vc_row_inner kd_background_image_position=&#8221;vc_row-bg-position-top&#8221;][vc_column_inner]<header class=\"kd-section-title col-lg-12 text-center  subtitle-below-title   \" ><h2 class=\"separator_off\" >Event-Finder<\/h2><h6 class=\"subtitle\" >Welches Event passt am besten zu Ihrem Anlass?<\/h6><\/header>[\/vc_column_inner][\/vc_row_inner][vc_row_inner kd_background_image_position=&#8221;vc_row-bg-position-top&#8221;][vc_column_inner][vc_column_text]    <div class=\"kt-centered\">\n        F\u00fcllen Sie bitte das Formular mit den Eckdaten Ihrer Veranstaltung aus.\n        <br><br>\n        Unser Event-Finder schl\u00e4gt Ihnen dann das passende Event-Format vor, welches Sie direkt bei uns anfragen k\u00f6nnen.\n        <br><br>\n    <\/div>\n\n    <div class=\"wp-block-contact-form-7-contact-form-selector kt-form-container\">\n\n    \n\n    <form action=\"\/events\/event-finder\/\" method=\"post\" class=\"wpcf7-form init kt-full-w\" aria-label=\"request form\" novalidate=\"novalidate\" data-status=\"init\">\n    <input type=\"hidden\" name=\"act_id\" value=\"event_form\">\n\n    <div class=\"wpcf7 js\">\n\n\n    <label for=\"anlass\" class=\"field_label pflicht\">Was ist der Anlass Ihrer Veranstaltung?\n        <span class=\"wpcf7-form-control-wrap\" data-name=\"anlass\">\n        <select id=\"anlass\" name=\"anlass\" class=\"wpcf7-form-control wpcf7-select\" required>\n            <option value=\"\">-- bitte ausw\u00e4hlen --<\/option>\n            <option value=\"publicevent\" >\u00f6ffentliche Veranstaltung in Ihrem Haus<\/option>\n            <option value=\"firmenevent\" >Firmenveranstaltung<\/option>\n            <option value=\"weihnachtsfeier\" >Weihnachtsfeier<\/option>\n            <option value=\"teamevent\" >Teamevent<\/option>\n            <option value=\"incentive\" >Incentive<\/option>\n            <option value=\"teambildung\" >Teambuilding<\/option>\n            <option value=\"praesentation\" >Firmen- \/ Produktpr\u00e4sentation<\/option>\n            <option value=\"rahmenprogramm\" >Rahmenprogramm f\u00fcr Tagung \/ Messe usw.<\/option>\n            <option value=\"geburtstagsfeier\" >Geburtstagsfeier<\/option>\n            <option value=\"hochzeit\" >Hochzeit<\/option>\n            <option value=\"anderes\" >anderer Anlass<\/option>\n        <\/select>\n        <\/span>\n    <\/label>\n\n\n\n    <label for=\"gaeste\" class=\"field_label pflicht\">Wie viele G\u00e4ste erwarten Sie?\n        <span class=\"wpcf7-form-control-wrap\" data-name=\"gaeste\">\n        <select id=\"gaeste\" name=\"gaeste\" class=\"wpcf7-form-control wpcf7-select\" required>\n            <option value=\"\">-- bitte ausw\u00e4hlen --<\/option>\n            <option value=\"10\" >ca. 10<\/option>\n            <option value=\"20\" >ca. 20<\/option>\n            <option value=\"30\" >ca. 30<\/option>\n            <option value=\"40\" >ca. 40<\/option>\n            <option value=\"50\" >ca. 50<\/option>\n            <option value=\"60\" >ca. 60<\/option>\n            <option value=\"70\" >ca. 70<\/option>\n            <option value=\"80\" >ca. 80<\/option>\n            <option value=\"90\" >ca. 90<\/option>\n            <option value=\"100\" >ca. 100<\/option>\n            <option value=\"110\" >ca. 110<\/option>\n            <option value=\"120\" >ca. 120<\/option>\n            <option value=\"130\" >ca. 130<\/option>\n            <option value=\"140\" >ca. 140<\/option>\n            <option value=\"150\" >ca. 150<\/option>\n            <option value=\"160\" >ca. 160<\/option>\n            <option value=\"170\" >ca. 170<\/option>\n            <option value=\"180\" >ca. 180<\/option>\n            <option value=\"190\" >ca. 190<\/option>\n            <option value=\"200\" >ca. 200<\/option>\n            <option value=\"250\" >mehr als 200<\/option>\n        <\/select>\n        <\/span>\n    <\/label>\n\n\n\n\n    <label for=\"catering\" class=\"field_label pflicht\">Welche kulinarische Umrahmung haben Sie geplant oder w\u00fcnschen Sie Vorschl\u00e4ge? <i class=\"fa fa-question-circle\" rel=\"tooltip\" title=\"\" . htmlentities(\"Diese Angabe dient uns dazu, das passende Konzept f\u00fcr Sie auszuw\u00e4hlen. Planen Sie ihr Catering selbst oder erfragen Sie von uns Vorschl\u00e4ge.\", ENT_QUOTES, \"utf-8\") . \"\"><\/i>\n        <span class=\"wpcf7-form-control-wrap\" data-name=\"gaeste\">\n        <select id=\"catering\" name=\"catering\" class=\"wpcf7-form-control wpcf7-select\" required>\n            <option value=\"\">-- bitte ausw\u00e4hlen --<\/option>\n            <option value=\"menue\" >Mehr-Gang-Men\u00fc<\/option>\n            <option value=\"buffet\" >Buffet<\/option>\n            <option value=\"ohne\" >ohne Catering<\/option>\n            <option value=\"empfehlung\" >Wir w\u00fcnschen eine Empfehlung.<\/option>  \n        <\/select>\n        <\/span>\n    <\/label>\n\n\n\n\n\n\n    <label for=\"catering\" class=\"field_label pflicht\">Welche Aktivit\u00e4ten Ihrer G\u00e4ste w\u00fcnschen Sie?\n        <span class=\"wpcf7-form-control-wrap\" data-name=\"gaeste\">\n        <select id=\"aktiv\" name=\"aktiv\" class=\"wpcf7-form-control wpcf7-select\" required>\n            <option value=\"\">-- bitte ausw\u00e4hlen --<\/option>\n            <option value=\"raetseln\" >Mitr\u00e4tseln<\/option>\n            <option value=\"gaesterollen\" >Kleine G\u00e4sterollen<\/option>\n            <option value=\"rollen\" >Selbst in die Rollen der Verd\u00e4chtigen schl\u00fcpfen<\/option>\n            <option value=\"empfehlung\" >Wir w\u00fcnschen eine Empfehlung.<\/option>\n        <\/select>\n        <\/span>\n    <\/label>\n\n\n    <input class=\"wpcf7-form-control wpcf7-submit has-spinner\" type=\"submit\" value=\"Abschicken...\">\n    <\/div>\n    <\/form>\n\n    <\/div>\n    <br>\n[\/vc_column_text][\/vc_column_inner][\/vc_row_inner][\/vc_column][\/vc_row][vc_row full_width=&#8221;stretch_row&#8221; kd_background_image_position=&#8221;vc_row-bg-position-top&#8221; el_class=&#8221;zindex&#8221; css=&#8221;.vc_custom_1709812674653{padding-top: 120px !important;padding-bottom: 120px !important;background-image: url(https:\/\/www.krimitotal.de\/events\/wp-content\/uploads\/2024\/03\/krimitotal-events-anlaesse-6.jpg?id=12694) !important;background-position: center !important;background-repeat: no-repeat !important;background-size: cover !important;}&#8221;][vc_column][vc_row_inner kd_background_image_position=&#8221;vc_row-bg-position-top&#8221;][vc_column_inner el_class=&#8221;with-grey-shadow overflow-hidden&#8221; width=&#8221;5\/12&#8243; css=&#8221;.vc_custom_1605276974417{padding-top: 50px !important;padding-right: 50px !important;padding-bottom: 23px !important;padding-left: 50px !important;background-color: #ffffff !important;border-radius: 10px !important;}&#8221; offset=&#8221;vc_col-lg-offset-0 vc_col-lg-5 vc_col-md-offset-0 vc_col-md-12 vc_col-sm-offset-0&#8243; css_tablet_portrait=&#8221;.vc_custom_1605276974418{padding-right: 30px !important;padding-left: 30px !important;}&#8221; css_mobile=&#8221;.vc_custom_1605276974418{padding-right: 30px !important;padding-left: 30px !important;}&#8221;]<header class=\"kd-section-title col-lg-12 text-center  subtitle-below-title kd-animated fadeIn   vc_custom_1707397031098\" data-animation-delay=200><h3 class=\"separator_off\" >Wann d\u00fcrfen wir Sie verhaften?<\/h3><h6 class=\"subtitle\" >Stellen Sie sich!<\/h6><\/header><div class=\"kd-contact-form full-width-cf  cf-with-border   kd-animated fadeIn\" data-animation-delay=200>\n<div class=\"wpcf7 no-js\" id=\"wpcf7-f8644-o1\" lang=\"en-US\" dir=\"ltr\" data-wpcf7-id=\"8644\">\n<div class=\"screen-reader-response\"><p role=\"status\" aria-live=\"polite\" aria-atomic=\"true\"><\/p> <ul><\/ul><\/div>\n<form action=\"\/events\/wp-json\/wp\/v2\/pages\/11931#wpcf7-f8644-o1\" method=\"post\" class=\"wpcf7-form init\" aria-label=\"Contact form\" novalidate=\"novalidate\" data-status=\"init\">\n<fieldset class=\"hidden-fields-container\"><input type=\"hidden\" name=\"_wpcf7\" value=\"8644\" \/><input type=\"hidden\" name=\"_wpcf7_version\" value=\"6.1.5\" \/><input type=\"hidden\" name=\"_wpcf7_locale\" value=\"en_US\" \/><input type=\"hidden\" name=\"_wpcf7_unit_tag\" value=\"wpcf7-f8644-o1\" \/><input type=\"hidden\" name=\"_wpcf7_container_post\" value=\"0\" \/><input type=\"hidden\" name=\"_wpcf7_posted_data_hash\" value=\"\" \/>\n<\/fieldset>\n<p><span class=\"wpcf7-form-control-wrap\" data-name=\"your-name\"><input size=\"40\" maxlength=\"400\" class=\"wpcf7-form-control wpcf7-text wpcf7-validates-as-required\" aria-required=\"true\" aria-invalid=\"false\" placeholder=\"Ihr Name\" value=\"\" type=\"text\" name=\"your-name\" \/><\/span><br \/>\n<span class=\"wpcf7-form-control-wrap\" data-name=\"your-email\"><input size=\"40\" maxlength=\"400\" class=\"wpcf7-form-control wpcf7-email wpcf7-validates-as-required wpcf7-text wpcf7-validates-as-email\" aria-required=\"true\" aria-invalid=\"false\" placeholder=\"Ihre E-Mail\" value=\"\" type=\"email\" name=\"your-email\" \/><\/span><br \/>\n<span class=\"wpcf7-form-control-wrap\" data-name=\"your-message\"><textarea cols=\"40\" rows=\"10\" maxlength=\"2000\" class=\"wpcf7-form-control wpcf7-textarea\" aria-invalid=\"false\" placeholder=\"Ihre Geheimbotschaft\" name=\"your-message\"><\/textarea><\/span>\n<\/p>\n<p><input class=\"wpcf7-form-control wpcf7-submit has-spinner\" type=\"submit\" value=\"Absenden\" \/>\n<\/p><div class=\"wpcf7-response-output\" aria-hidden=\"true\"><\/div>\n<\/form>\n<\/div>\n<\/div>[\/vc_column_inner][vc_column_inner width=&#8221;1\/12&#8243; css=&#8221;.vc_custom_1602506024256{padding-right: 0px !important;padding-left: 80px !important;background-position: center !important;background-repeat: no-repeat !important;background-size: cover !important;}&#8221; offset=&#8221;vc_col-lg-1&#8243; css_mobile=&#8221;.vc_custom_1602506024258{padding-top: 100px !important;padding-bottom: 100px !important;}&#8221;][\/vc_column_inner][vc_column_inner width=&#8221;1\/2&#8243; css=&#8221;.vc_custom_1603883059473{padding-top: 130px !important;}&#8221; offset=&#8221;vc_hidden-md vc_hidden-sm vc_hidden-xs&#8221;][\/vc_column_inner][\/vc_row_inner][\/vc_column][\/vc_row][vc_row kd_background_image_position=&#8221;vc_row-bg-position-top&#8221;][vc_column][vc_empty_space height=&#8221;70px&#8221;][\/vc_column][\/vc_row]<\/p>\n<\/div>","protected":false},"excerpt":{"rendered":"<p>[vc_row full_width=&#8221;stretch_row&#8221; kd_background_image_position=&#8221;vc_row-bg-position-top&#8221; kd_bottom_separator_style=&#8221;waves&#8221; kd_bottom_separator_height=&#8221;separator-height-large&#8221; kd_bottom_separator=&#8221;true&#8221; css=&#8221;.vc_custom_1709812306991{padding-top: 450px !important;padding-bottom: 150px !important;background-image: url(https:\/\/www.krimitotal.de\/events\/wp-content\/uploads\/2024\/03\/krimitotal-events-anlaesse.jpg?id=12687) !important;background-position: center !important;background-repeat: no-repeat !important;background-size: cover !important;}&#8221; el_class=&#8221;intro-section&#8221; [&hellip;]<\/p>\n","protected":false},"author":2,"featured_media":0,"parent":0,"menu_order":0,"comment_status":"closed","ping_status":"closed","template":"","meta":{"footnotes":""},"class_list":["post-11931","page","type-page","status-publish","hentry"],"_links":{"self":[{"href":"https:\/\/www.krimitotal.de\/events\/wp-json\/wp\/v2\/pages\/11931","targetHints":{"allow":["GET"]}}],"collection":[{"href":"https:\/\/www.krimitotal.de\/events\/wp-json\/wp\/v2\/pages"}],"about":[{"href":"https:\/\/www.krimitotal.de\/events\/wp-json\/wp\/v2\/types\/page"}],"author":[{"embeddable":true,"href":"https:\/\/www.krimitotal.de\/events\/wp-json\/wp\/v2\/users\/2"}],"replies":[{"embeddable":true,"href":"https:\/\/www.krimitotal.de\/events\/wp-json\/wp\/v2\/comments?post=11931"}],"version-history":[{"count":2,"href":"https:\/\/www.krimitotal.de\/events\/wp-json\/wp\/v2\/pages\/11931\/revisions"}],"predecessor-version":[{"id":13530,"href":"https:\/\/www.krimitotal.de\/events\/wp-json\/wp\/v2\/pages\/11931\/revisions\/13530"}],"wp:attachment":[{"href":"https:\/\/www.krimitotal.de\/events\/wp-json\/wp\/v2\/media?parent=11931"}],"curies":[{"name":"wp","href":"https:\/\/api.w.org\/{rel}","templated":true}]}}