{"id":9,"date":"2024-01-02T14:18:46","date_gmt":"2024-01-02T13:18:46","guid":{"rendered":"http:\/\/www.krimitotal.de\/events\/?page_id=9"},"modified":"2024-03-05T16:43:47","modified_gmt":"2024-03-05T15:43:47","slug":"event-finder","status":"publish","type":"page","link":"https:\/\/www.krimitotal.de\/events\/event-finder\/","title":{"rendered":"Event-Finder"},"content":{"rendered":"<div class=\"wpb-content-wrapper\"><p>[vc_row full_width=&#8221;stretch_row&#8221; kd_background_image_position=&#8221;vc_row-bg-position-top&#8221; kd_bottom_separator_style=&#8221;waves&#8221; kd_bottom_separator_height=&#8221;separator-height-large&#8221; kd_bottom_separator=&#8221;true&#8221; css=&#8221;.vc_custom_1709632534343{padding-top: 300px !important;padding-bottom: 300px !important;background-image: url(https:\/\/www.krimitotal.de\/events\/wp-content\/uploads\/2024\/03\/krimitotal-events-event-finder.jpg?id=12491) !important;background-position: center !important;background-repeat: no-repeat !important;background-size: cover !important;}&#8221; css_mobile=&#8221;.vc_custom_1709632534343{margin-top: -15px !important;padding-top: 100px !important;padding-bottom: 150px !important;}&#8221; css_tablet_portrait=&#8221;.vc_custom_1709632534343{margin-top: -15px !important;padding-top: 200px !important;padding-bottom: 250px !important;}&#8221; el_class=&#8221;intro-section&#8221; css_tablet_landscape=&#8221;.vc_custom_1709632534343{margin-top: 0px !important;}&#8221; top_section_title=&#8221;&#8221; bottom_section_title=&#8221;&#8221;][vc_column][vc_row_inner kd_background_image_position=&#8221;vc_row-bg-position-top&#8221; css=&#8221;.vc_custom_1705077040443{margin-bottom: 0px !important;}&#8221;][vc_column_inner]<header class=\"kd-section-title col-lg-12 text-center  subtitle-below-title kd-animated fadeIn   vc_custom_1707160337492\" data-animation-delay=200><h2 class=\"separator_off\" style=\"color: #ffffff;font-size: 72px;line-height: 80px;margin-bottom:35px;\">Event-Finder<\/h2><h6 class=\"subtitle\" style=\"color: #ffffff;font-size:18px;\">Welches Konzept passt zu Ihnen?<\/h6><\/header><div class=\"scroll-down-wrapper sd-align-center\" ><a href=\"#eventfinder\" class=\"scroll-down-arrow btn-smooth-scroll\"  aria-label=\"Scroll down\"><\/a><\/div>[\/vc_column_inner][\/vc_row_inner][\/vc_column][\/vc_row][vc_row kd_background_image_position=&#8221;vc_row-bg-position-top&#8221; css=&#8221;.vc_custom_1707158858390{margin-top: 20px !important;}&#8221;][vc_column][\/vc_column][\/vc_row][vc_row kd_background_image_position=&#8221;vc_row-bg-position-top&#8221; el_id=&#8221;eventfinder&#8221; css_tablet_landscape=&#8221;.vc_custom_1707158808195{padding-top: 100px !important;padding-bottom: 100px !important;}&#8221;][vc_column][vc_column_text]<\/p>\r\n<p class=\"has-text-align-center\">    <div class=\"kt-centered\">\n        F\u00fcllen Sie bitte das Formular mit den Eckdaten Ihrer Veranstaltung aus.\n        <br><br>\n        Unser Event-Finder schl\u00e4gt Ihnen dann das passende Event-Format vor, welches Sie direkt bei uns anfragen k\u00f6nnen.\n        <br><br>\n    <\/div>\n\n    <div class=\"wp-block-contact-form-7-contact-form-selector kt-form-container\">\n\n    \n\n    <form action=\"https:\/\/www.krimitotal.de\/events\/event-finder\/\" method=\"post\" class=\"wpcf7-form init kt-full-w\" aria-label=\"request form\" novalidate=\"novalidate\" data-status=\"init\">\n    <input type=\"hidden\" name=\"act_id\" value=\"event_form\">\n\n    <div class=\"wpcf7 js\">\n\n\n    <label for=\"anlass\" class=\"field_label pflicht\">Was ist der Anlass Ihrer Veranstaltung?\n        <span class=\"wpcf7-form-control-wrap\" data-name=\"anlass\">\n        <select id=\"anlass\" name=\"anlass\" class=\"wpcf7-form-control wpcf7-select\" required>\n            <option value=\"\">-- bitte ausw\u00e4hlen --<\/option>\n            <option value=\"publicevent\" >\u00f6ffentliche Veranstaltung in Ihrem Haus<\/option>\n            <option value=\"firmenevent\" >Firmenveranstaltung<\/option>\n            <option value=\"weihnachtsfeier\" >Weihnachtsfeier<\/option>\n            <option value=\"teamevent\" >Teamevent<\/option>\n            <option value=\"incentive\" >Incentive<\/option>\n            <option value=\"teambildung\" >Teambuilding<\/option>\n            <option value=\"praesentation\" >Firmen- \/ Produktpr\u00e4sentation<\/option>\n            <option value=\"rahmenprogramm\" >Rahmenprogramm f\u00fcr Tagung \/ Messe usw.<\/option>\n            <option value=\"geburtstagsfeier\" >Geburtstagsfeier<\/option>\n            <option value=\"hochzeit\" >Hochzeit<\/option>\n            <option value=\"anderes\" >anderer Anlass<\/option>\n        <\/select>\n        <\/span>\n    <\/label>\n\n\n\n    <label for=\"gaeste\" class=\"field_label pflicht\">Wie viele G\u00e4ste erwarten Sie?\n        <span class=\"wpcf7-form-control-wrap\" data-name=\"gaeste\">\n        <select id=\"gaeste\" name=\"gaeste\" class=\"wpcf7-form-control wpcf7-select\" required>\n            <option value=\"\">-- bitte ausw\u00e4hlen --<\/option>\n            <option value=\"10\" >ca. 10<\/option>\n            <option value=\"20\" >ca. 20<\/option>\n            <option value=\"30\" >ca. 30<\/option>\n            <option value=\"40\" >ca. 40<\/option>\n            <option value=\"50\" >ca. 50<\/option>\n            <option value=\"60\" >ca. 60<\/option>\n            <option value=\"70\" >ca. 70<\/option>\n            <option value=\"80\" >ca. 80<\/option>\n            <option value=\"90\" >ca. 90<\/option>\n            <option value=\"100\" >ca. 100<\/option>\n            <option value=\"110\" >ca. 110<\/option>\n            <option value=\"120\" >ca. 120<\/option>\n            <option value=\"130\" >ca. 130<\/option>\n            <option value=\"140\" >ca. 140<\/option>\n            <option value=\"150\" >ca. 150<\/option>\n            <option value=\"160\" >ca. 160<\/option>\n            <option value=\"170\" >ca. 170<\/option>\n            <option value=\"180\" >ca. 180<\/option>\n            <option value=\"190\" >ca. 190<\/option>\n            <option value=\"200\" >ca. 200<\/option>\n            <option value=\"250\" >mehr als 200<\/option>\n        <\/select>\n        <\/span>\n    <\/label>\n\n\n\n\n    <label for=\"catering\" class=\"field_label pflicht\">Welche kulinarische Umrahmung haben Sie geplant oder w\u00fcnschen Sie Vorschl\u00e4ge? <i class=\"fa fa-question-circle\" rel=\"tooltip\" title=\"\" . htmlentities(\"Diese Angabe dient uns dazu, das passende Konzept f\u00fcr Sie auszuw\u00e4hlen. Planen Sie ihr Catering selbst oder erfragen Sie von uns Vorschl\u00e4ge.\", ENT_QUOTES, \"utf-8\") . \"\"><\/i>\n        <span class=\"wpcf7-form-control-wrap\" data-name=\"gaeste\">\n        <select id=\"catering\" name=\"catering\" class=\"wpcf7-form-control wpcf7-select\" required>\n            <option value=\"\">-- bitte ausw\u00e4hlen --<\/option>\n            <option value=\"menue\" >Mehr-Gang-Men\u00fc<\/option>\n            <option value=\"buffet\" >Buffet<\/option>\n            <option value=\"ohne\" >ohne Catering<\/option>\n            <option value=\"empfehlung\" >Wir w\u00fcnschen eine Empfehlung.<\/option>  \n        <\/select>\n        <\/span>\n    <\/label>\n\n\n\n\n\n\n    <label for=\"catering\" class=\"field_label pflicht\">Welche Aktivit\u00e4ten Ihrer G\u00e4ste w\u00fcnschen Sie?\n        <span class=\"wpcf7-form-control-wrap\" data-name=\"gaeste\">\n        <select id=\"aktiv\" name=\"aktiv\" class=\"wpcf7-form-control wpcf7-select\" required>\n            <option value=\"\">-- bitte ausw\u00e4hlen --<\/option>\n            <option value=\"raetseln\" >Mitr\u00e4tseln<\/option>\n            <option value=\"gaesterollen\" >Kleine G\u00e4sterollen<\/option>\n            <option value=\"rollen\" >Selbst in die Rollen der Verd\u00e4chtigen schl\u00fcpfen<\/option>\n            <option value=\"empfehlung\" >Wir w\u00fcnschen eine Empfehlung.<\/option>\n        <\/select>\n        <\/span>\n    <\/label>\n\n\n    <input class=\"wpcf7-form-control wpcf7-submit has-spinner\" type=\"submit\" value=\"Abschicken...\">\n    <\/div>\n    <\/form>\n\n    <\/div>\n    <br>\n<\/p>\r\n<p>[\/vc_column_text][\/vc_column][\/vc_row][vc_row kd_background_image_position=&#8221;vc_row-bg-position-top&#8221;][vc_column][vc_empty_space height=&#8221;200&#8243;][\/vc_column][\/vc_row]<\/p><\/div>","protected":false},"excerpt":{"rendered":"<p>[vc_row full_width=&#8221;stretch_row&#8221; kd_background_image_position=&#8221;vc_row-bg-position-top&#8221; kd_bottom_separator_style=&#8221;waves&#8221; kd_bottom_separator_height=&#8221;separator-height-large&#8221; kd_bottom_separator=&#8221;true&#8221; css=&#8221;.vc_custom_1709632534343{padding-top: 300px !important;padding-bottom: 300px !important;background-image: url(https:\/\/www.krimitotal.de\/events\/wp-content\/uploads\/2024\/03\/krimitotal-events-event-finder.jpg?id=12491) !important;background-position: center !important;background-repeat: no-repeat !important;background-size: cover !important;}&#8221; css_mobile=&#8221;.vc_custom_1709632534343{margin-top: [&hellip;]<\/p>\n","protected":false},"author":1,"featured_media":0,"parent":0,"menu_order":0,"comment_status":"closed","ping_status":"closed","template":"","meta":{"footnotes":""},"class_list":["post-9","page","type-page","status-publish","hentry"],"_links":{"self":[{"href":"https:\/\/www.krimitotal.de\/events\/wp-json\/wp\/v2\/pages\/9","targetHints":{"allow":["GET"]}}],"collection":[{"href":"https:\/\/www.krimitotal.de\/events\/wp-json\/wp\/v2\/pages"}],"about":[{"href":"https:\/\/www.krimitotal.de\/events\/wp-json\/wp\/v2\/types\/page"}],"author":[{"embeddable":true,"href":"https:\/\/www.krimitotal.de\/events\/wp-json\/wp\/v2\/users\/1"}],"replies":[{"embeddable":true,"href":"https:\/\/www.krimitotal.de\/events\/wp-json\/wp\/v2\/comments?post=9"}],"version-history":[{"count":0,"href":"https:\/\/www.krimitotal.de\/events\/wp-json\/wp\/v2\/pages\/9\/revisions"}],"wp:attachment":[{"href":"https:\/\/www.krimitotal.de\/events\/wp-json\/wp\/v2\/media?parent=9"}],"curies":[{"name":"wp","href":"https:\/\/api.w.org\/{rel}","templated":true}]}}